{"id":9145,"date":"2020-04-07T16:46:06","date_gmt":"2020-04-07T14:46:06","guid":{"rendered":"https:\/\/www.torpado.com\/bicicletta\/matador-a-29\/"},"modified":"2022-10-25T10:23:36","modified_gmt":"2022-10-25T08:23:36","slug":"matador-a-29","status":"publish","type":"product","link":"https:\/\/www.torpado.com\/pl\/rower\/matador-a-29\/","title":{"rendered":"MATADOR A 29&#8243;"},"content":{"rendered":"","protected":false},"excerpt":{"rendered":"<p>MATADOR A 29&#8243; marka MTB Torpado. Linia mi\u0119\u015bni roweru jest upiorna z aluminiow\u0105 ram\u0105, odpowiedni\u0105 dla wszystkich je\u017ad\u017ac\u00f3w.<\/p>\n","protected":false},"featured_media":8159,"template":"","meta":{"_acf_changed":false},"product_brand":[],"product_cat":[2431],"product_tag":[],"class_list":{"0":"post-9145","1":"product","2":"type-product","3":"status-publish","4":"has-post-thumbnail","6":"product_cat-bezsilnikowy","7":"pa_categoria-bicicletta-mountain-bike","9":"first","10":"instock","11":"shipping-taxable","12":"product-type-simple"},"acf":[],"_links":{"self":[{"href":"https:\/\/www.torpado.com\/pl\/wp-json\/wp\/v2\/product\/9145","targetHints":{"allow":["GET"]}}],"collection":[{"href":"https:\/\/www.torpado.com\/pl\/wp-json\/wp\/v2\/product"}],"about":[{"href":"https:\/\/www.torpado.com\/pl\/wp-json\/wp\/v2\/types\/product"}],"wp:featuredmedia":[{"embeddable":true,"href":"https:\/\/www.torpado.com\/pl\/wp-json\/wp\/v2\/media\/8159"}],"wp:attachment":[{"href":"https:\/\/www.torpado.com\/pl\/wp-json\/wp\/v2\/media?parent=9145"}],"wp:term":[{"taxonomy":"product_brand","embeddable":true,"href":"https:\/\/www.torpado.com\/pl\/wp-json\/wp\/v2\/product_brand?post=9145"},{"taxonomy":"product_cat","embeddable":true,"href":"https:\/\/www.torpado.com\/pl\/wp-json\/wp\/v2\/product_cat?post=9145"},{"taxonomy":"product_tag","embeddable":true,"href":"https:\/\/www.torpado.com\/pl\/wp-json\/wp\/v2\/product_tag?post=9145"}],"curies":[{"name":"wp","href":"https:\/\/api.w.org\/{rel}","templated":true}]}}