{"id":9121,"date":"2020-04-07T16:46:11","date_gmt":"2020-04-07T14:46:11","guid":{"rendered":"https:\/\/www.torpado.com\/bicicletta\/explorer-t350\/"},"modified":"2022-12-05T13:54:15","modified_gmt":"2022-12-05T12:54:15","slug":"explorer-t350","status":"publish","type":"product","link":"https:\/\/www.torpado.com\/pl\/rower\/explorer-t350\/","title":{"rendered":"EXPLORER &#8211; T350"},"content":{"rendered":"","protected":false},"excerpt":{"rendered":"<p>EXPLORER &#8211; T289 Torpado marki sk\u0142adany rower. E-rower Allway z aluminiow\u0105 ram\u0105, odpowiedni dla wszystkich kierowc\u00f3w.<\/p>\n","protected":false},"featured_media":8632,"template":"","meta":{"_acf_changed":false},"product_brand":[],"product_cat":[2430],"product_tag":[],"class_list":{"0":"post-9121","1":"product","2":"type-product","3":"status-publish","4":"has-post-thumbnail","6":"product_cat-e-bike","7":"pa_categoria-bicicletta-foldable","9":"first","10":"instock","11":"shipping-taxable","12":"purchasable","13":"product-type-simple"},"acf":[],"_links":{"self":[{"href":"https:\/\/www.torpado.com\/pl\/wp-json\/wp\/v2\/product\/9121","targetHints":{"allow":["GET"]}}],"collection":[{"href":"https:\/\/www.torpado.com\/pl\/wp-json\/wp\/v2\/product"}],"about":[{"href":"https:\/\/www.torpado.com\/pl\/wp-json\/wp\/v2\/types\/product"}],"wp:featuredmedia":[{"embeddable":true,"href":"https:\/\/www.torpado.com\/pl\/wp-json\/wp\/v2\/media\/8632"}],"wp:attachment":[{"href":"https:\/\/www.torpado.com\/pl\/wp-json\/wp\/v2\/media?parent=9121"}],"wp:term":[{"taxonomy":"product_brand","embeddable":true,"href":"https:\/\/www.torpado.com\/pl\/wp-json\/wp\/v2\/product_brand?post=9121"},{"taxonomy":"product_cat","embeddable":true,"href":"https:\/\/www.torpado.com\/pl\/wp-json\/wp\/v2\/product_cat?post=9121"},{"taxonomy":"product_tag","embeddable":true,"href":"https:\/\/www.torpado.com\/pl\/wp-json\/wp\/v2\/product_tag?post=9121"}],"curies":[{"name":"wp","href":"https:\/\/api.w.org\/{rel}","templated":true}]}}