{"id":9119,"date":"2020-04-07T16:46:11","date_gmt":"2020-04-07T14:46:11","guid":{"rendered":"https:\/\/www.torpado.com\/bicicletta\/lybra-t286\/"},"modified":"2023-08-09T16:38:53","modified_gmt":"2023-08-09T14:38:53","slug":"lybra-t286","status":"publish","type":"product","link":"https:\/\/www.torpado.com\/pl\/rower\/lybra-t286\/","title":{"rendered":"LYBRA &#8211; T286"},"content":{"rendered":"","protected":false},"excerpt":{"rendered":"<p>LYBRA &#8211; T286 sk\u0142adany rower marki Torpado. Linia rower\u00f3w elektronicznych Allway z aluminiow\u0105 ram\u0105 dla wszystkich kierowc\u00f3w.<\/p>\n","protected":false},"featured_media":12800,"template":"","meta":{"_acf_changed":false},"product_brand":[],"product_cat":[2430],"product_tag":[],"class_list":{"0":"post-9119","1":"product","2":"type-product","3":"status-publish","4":"has-post-thumbnail","6":"product_cat-e-bike","7":"pa_categoria-bicicletta-foldable","9":"first","10":"instock","11":"shipping-taxable","12":"purchasable","13":"product-type-simple"},"acf":[],"_links":{"self":[{"href":"https:\/\/www.torpado.com\/pl\/wp-json\/wp\/v2\/product\/9119","targetHints":{"allow":["GET"]}}],"collection":[{"href":"https:\/\/www.torpado.com\/pl\/wp-json\/wp\/v2\/product"}],"about":[{"href":"https:\/\/www.torpado.com\/pl\/wp-json\/wp\/v2\/types\/product"}],"wp:featuredmedia":[{"embeddable":true,"href":"https:\/\/www.torpado.com\/pl\/wp-json\/wp\/v2\/media\/12800"}],"wp:attachment":[{"href":"https:\/\/www.torpado.com\/pl\/wp-json\/wp\/v2\/media?parent=9119"}],"wp:term":[{"taxonomy":"product_brand","embeddable":true,"href":"https:\/\/www.torpado.com\/pl\/wp-json\/wp\/v2\/product_brand?post=9119"},{"taxonomy":"product_cat","embeddable":true,"href":"https:\/\/www.torpado.com\/pl\/wp-json\/wp\/v2\/product_cat?post=9119"},{"taxonomy":"product_tag","embeddable":true,"href":"https:\/\/www.torpado.com\/pl\/wp-json\/wp\/v2\/product_tag?post=9119"}],"curies":[{"name":"wp","href":"https:\/\/api.w.org\/{rel}","templated":true}]}}