{"id":9112,"date":"2020-04-07T16:46:20","date_gmt":"2020-04-07T14:46:20","guid":{"rendered":"https:\/\/www.torpado.com\/bicicletta\/eolo-t210\/"},"modified":"2023-06-12T11:55:39","modified_gmt":"2023-06-12T09:55:39","slug":"eolo-t210","status":"publish","type":"product","link":"https:\/\/www.torpado.com\/pl\/rower\/eolo-t210\/","title":{"rendered":"EOLO &#8211; T210"},"content":{"rendered":"","protected":false},"excerpt":{"rendered":"<p>EOLO &#8211; T210 rower miejski marki Torpado. Linia e-bike allway z aluminiow\u0105 ram\u0105 odpowiedni\u0105 dla m\u0119\u017cczyzn je\u017ad\u017aca.<\/p>\n","protected":false},"featured_media":12532,"template":"","meta":{"_acf_changed":false},"product_brand":[],"product_cat":[2430],"product_tag":[],"class_list":{"0":"post-9112","1":"product","2":"type-product","3":"status-publish","4":"has-post-thumbnail","6":"product_cat-e-bike","7":"pa_categoria-bicicletta-city-bike","9":"first","10":"instock","11":"shipping-taxable","12":"purchasable","13":"product-type-simple"},"acf":[],"_links":{"self":[{"href":"https:\/\/www.torpado.com\/pl\/wp-json\/wp\/v2\/product\/9112","targetHints":{"allow":["GET"]}}],"collection":[{"href":"https:\/\/www.torpado.com\/pl\/wp-json\/wp\/v2\/product"}],"about":[{"href":"https:\/\/www.torpado.com\/pl\/wp-json\/wp\/v2\/types\/product"}],"wp:featuredmedia":[{"embeddable":true,"href":"https:\/\/www.torpado.com\/pl\/wp-json\/wp\/v2\/media\/12532"}],"wp:attachment":[{"href":"https:\/\/www.torpado.com\/pl\/wp-json\/wp\/v2\/media?parent=9112"}],"wp:term":[{"taxonomy":"product_brand","embeddable":true,"href":"https:\/\/www.torpado.com\/pl\/wp-json\/wp\/v2\/product_brand?post=9112"},{"taxonomy":"product_cat","embeddable":true,"href":"https:\/\/www.torpado.com\/pl\/wp-json\/wp\/v2\/product_cat?post=9112"},{"taxonomy":"product_tag","embeddable":true,"href":"https:\/\/www.torpado.com\/pl\/wp-json\/wp\/v2\/product_tag?post=9112"}],"curies":[{"name":"wp","href":"https:\/\/api.w.org\/{rel}","templated":true}]}}