{"id":9109,"date":"2020-04-07T16:46:20","date_gmt":"2020-04-07T14:46:20","guid":{"rendered":"https:\/\/www.torpado.com\/bicicletta\/iris-t240\/"},"modified":"2022-10-24T16:52:53","modified_gmt":"2022-10-24T14:52:53","slug":"iris-t240","status":"publish","type":"product","link":"https:\/\/www.torpado.com\/pl\/rower\/iris-t240\/","title":{"rendered":"IRIS &#8211; T240"},"content":{"rendered":"","protected":false},"excerpt":{"rendered":"<p>IRIS &#8211; rower miejski marki Torpado T240. Allway line e-bike z aluminiow\u0105 ram\u0105, odpowiednie dla kobiet je\u017ad\u017ac\u00f3w.<\/p>\n","protected":false},"featured_media":8619,"template":"","meta":{"_acf_changed":false},"product_brand":[],"product_cat":[2430],"product_tag":[],"class_list":{"0":"post-9109","1":"product","2":"type-product","3":"status-publish","4":"has-post-thumbnail","6":"product_cat-e-bike","7":"pa_categoria-bicicletta-city-bike","9":"first","10":"instock","11":"shipping-taxable","12":"product-type-simple"},"acf":[],"_links":{"self":[{"href":"https:\/\/www.torpado.com\/pl\/wp-json\/wp\/v2\/product\/9109","targetHints":{"allow":["GET"]}}],"collection":[{"href":"https:\/\/www.torpado.com\/pl\/wp-json\/wp\/v2\/product"}],"about":[{"href":"https:\/\/www.torpado.com\/pl\/wp-json\/wp\/v2\/types\/product"}],"wp:featuredmedia":[{"embeddable":true,"href":"https:\/\/www.torpado.com\/pl\/wp-json\/wp\/v2\/media\/8619"}],"wp:attachment":[{"href":"https:\/\/www.torpado.com\/pl\/wp-json\/wp\/v2\/media?parent=9109"}],"wp:term":[{"taxonomy":"product_brand","embeddable":true,"href":"https:\/\/www.torpado.com\/pl\/wp-json\/wp\/v2\/product_brand?post=9109"},{"taxonomy":"product_cat","embeddable":true,"href":"https:\/\/www.torpado.com\/pl\/wp-json\/wp\/v2\/product_cat?post=9109"},{"taxonomy":"product_tag","embeddable":true,"href":"https:\/\/www.torpado.com\/pl\/wp-json\/wp\/v2\/product_tag?post=9109"}],"curies":[{"name":"wp","href":"https:\/\/api.w.org\/{rel}","templated":true}]}}