{"id":9089,"date":"2020-04-07T16:46:23","date_gmt":"2020-04-07T14:46:23","guid":{"rendered":"https:\/\/www.torpado.com\/bicicletta\/delta-t740\/"},"modified":"2022-11-16T16:17:31","modified_gmt":"2022-11-16T15:17:31","slug":"delta-t740","status":"publish","type":"product","link":"https:\/\/www.torpado.com\/pl\/rower\/delta-t740\/","title":{"rendered":"DELTA &#8211; T740"},"content":{"rendered":"","protected":false},"excerpt":{"rendered":"<p>Torpado DELTA &#8211; T740 &#8211; marka rower\u00f3w g\u00f3rskich Torpado. Rower treningowy Allway Muscle z aluminiow\u0105 ram\u0105, odpowiedni dla wszystkich je\u017ad\u017ac\u00f3w.<\/p>\n","protected":false},"featured_media":11771,"template":"","meta":{"_acf_changed":false},"product_brand":[],"product_cat":[2431],"product_tag":[],"class_list":{"0":"post-9089","1":"product","2":"type-product","3":"status-publish","4":"has-post-thumbnail","6":"product_cat-bezsilnikowy","7":"pa_categoria-bicicletta-mountain-bike","9":"first","10":"instock","11":"shipping-taxable","12":"purchasable","13":"product-type-simple"},"acf":[],"_links":{"self":[{"href":"https:\/\/www.torpado.com\/pl\/wp-json\/wp\/v2\/product\/9089","targetHints":{"allow":["GET"]}}],"collection":[{"href":"https:\/\/www.torpado.com\/pl\/wp-json\/wp\/v2\/product"}],"about":[{"href":"https:\/\/www.torpado.com\/pl\/wp-json\/wp\/v2\/types\/product"}],"wp:featuredmedia":[{"embeddable":true,"href":"https:\/\/www.torpado.com\/pl\/wp-json\/wp\/v2\/media\/11771"}],"wp:attachment":[{"href":"https:\/\/www.torpado.com\/pl\/wp-json\/wp\/v2\/media?parent=9089"}],"wp:term":[{"taxonomy":"product_brand","embeddable":true,"href":"https:\/\/www.torpado.com\/pl\/wp-json\/wp\/v2\/product_brand?post=9089"},{"taxonomy":"product_cat","embeddable":true,"href":"https:\/\/www.torpado.com\/pl\/wp-json\/wp\/v2\/product_cat?post=9089"},{"taxonomy":"product_tag","embeddable":true,"href":"https:\/\/www.torpado.com\/pl\/wp-json\/wp\/v2\/product_tag?post=9089"}],"curies":[{"name":"wp","href":"https:\/\/api.w.org\/{rel}","templated":true}]}}