{"id":9077,"date":"2020-04-07T16:46:31","date_gmt":"2020-04-07T14:46:31","guid":{"rendered":"https:\/\/www.torpado.com\/bicicletta\/saturn-t770\/"},"modified":"2022-11-16T17:02:59","modified_gmt":"2022-11-16T16:02:59","slug":"saturn-t770","status":"publish","type":"product","link":"https:\/\/www.torpado.com\/pl\/rower\/saturn-t770\/","title":{"rendered":"SATURN &#8211; T770"},"content":{"rendered":"","protected":false},"excerpt":{"rendered":"<p>SATURN 24 &#8211; T770 Torpado marki MTB. Rower mi\u0119\u015bni linii Allway z aluminiow\u0105 ram\u0105 nadaje si\u0119 dla wszystkich je\u017ad\u017ac\u00f3w.<\/p>\n","protected":false},"featured_media":8546,"template":"","meta":{"_acf_changed":false},"product_brand":[],"product_cat":[2431],"product_tag":[],"class_list":{"0":"post-9077","1":"product","2":"type-product","3":"status-publish","4":"has-post-thumbnail","6":"product_cat-bezsilnikowy","7":"pa_categoria-bicicletta-mountain-bike","9":"first","10":"instock","11":"shipping-taxable","12":"purchasable","13":"product-type-simple"},"acf":[],"_links":{"self":[{"href":"https:\/\/www.torpado.com\/pl\/wp-json\/wp\/v2\/product\/9077","targetHints":{"allow":["GET"]}}],"collection":[{"href":"https:\/\/www.torpado.com\/pl\/wp-json\/wp\/v2\/product"}],"about":[{"href":"https:\/\/www.torpado.com\/pl\/wp-json\/wp\/v2\/types\/product"}],"wp:featuredmedia":[{"embeddable":true,"href":"https:\/\/www.torpado.com\/pl\/wp-json\/wp\/v2\/media\/8546"}],"wp:attachment":[{"href":"https:\/\/www.torpado.com\/pl\/wp-json\/wp\/v2\/media?parent=9077"}],"wp:term":[{"taxonomy":"product_brand","embeddable":true,"href":"https:\/\/www.torpado.com\/pl\/wp-json\/wp\/v2\/product_brand?post=9077"},{"taxonomy":"product_cat","embeddable":true,"href":"https:\/\/www.torpado.com\/pl\/wp-json\/wp\/v2\/product_cat?post=9077"},{"taxonomy":"product_tag","embeddable":true,"href":"https:\/\/www.torpado.com\/pl\/wp-json\/wp\/v2\/product_tag?post=9077"}],"curies":[{"name":"wp","href":"https:\/\/api.w.org\/{rel}","templated":true}]}}