{"id":9073,"date":"2020-04-07T16:46:32","date_gmt":"2020-04-07T14:46:32","guid":{"rendered":"https:\/\/www.torpado.com\/bicicletta\/earth-t595\/"},"modified":"2022-11-21T11:18:00","modified_gmt":"2022-11-21T10:18:00","slug":"earth-t595","status":"publish","type":"product","link":"https:\/\/www.torpado.com\/pl\/rower\/earth-t595\/","title":{"rendered":"EARTH &#8211; T595"},"content":{"rendered":"","protected":false},"excerpt":{"rendered":"<p>EARTH &#8211; T595 marki MTB Torpado. Rower mi\u0119\u015bni Allway Line ze stalow\u0105 ram\u0105, odpowiedni dla m\u0119\u017cczyzn.<\/p>\n","protected":false},"featured_media":7851,"template":"","meta":{"_acf_changed":false},"product_brand":[],"product_cat":[2431],"product_tag":[],"class_list":{"0":"post-9073","1":"product","2":"type-product","3":"status-publish","4":"has-post-thumbnail","6":"product_cat-bezsilnikowy","7":"pa_categoria-bicicletta-mountain-bike","9":"first","10":"instock","11":"shipping-taxable","12":"purchasable","13":"product-type-simple"},"acf":[],"_links":{"self":[{"href":"https:\/\/www.torpado.com\/pl\/wp-json\/wp\/v2\/product\/9073","targetHints":{"allow":["GET"]}}],"collection":[{"href":"https:\/\/www.torpado.com\/pl\/wp-json\/wp\/v2\/product"}],"about":[{"href":"https:\/\/www.torpado.com\/pl\/wp-json\/wp\/v2\/types\/product"}],"wp:featuredmedia":[{"embeddable":true,"href":"https:\/\/www.torpado.com\/pl\/wp-json\/wp\/v2\/media\/7851"}],"wp:attachment":[{"href":"https:\/\/www.torpado.com\/pl\/wp-json\/wp\/v2\/media?parent=9073"}],"wp:term":[{"taxonomy":"product_brand","embeddable":true,"href":"https:\/\/www.torpado.com\/pl\/wp-json\/wp\/v2\/product_brand?post=9073"},{"taxonomy":"product_cat","embeddable":true,"href":"https:\/\/www.torpado.com\/pl\/wp-json\/wp\/v2\/product_cat?post=9073"},{"taxonomy":"product_tag","embeddable":true,"href":"https:\/\/www.torpado.com\/pl\/wp-json\/wp\/v2\/product_tag?post=9073"}],"curies":[{"name":"wp","href":"https:\/\/api.w.org\/{rel}","templated":true}]}}