{"id":9063,"date":"2020-04-07T16:46:33","date_gmt":"2020-04-07T14:46:33","guid":{"rendered":"https:\/\/www.torpado.com\/bicicletta\/kcs-arwin-t370\/"},"modified":"2022-11-29T11:10:30","modified_gmt":"2022-11-29T10:10:30","slug":"kcs-arwin-t370","status":"publish","type":"product","link":"https:\/\/www.torpado.com\/pl\/rower\/kcs-arwin-t370\/","title":{"rendered":"KCS ARWIN &#8211; T370"},"content":{"rendered":"","protected":false},"excerpt":{"rendered":"<p>KCS ARWIN &#8211; T370 Torpado marki motocykl drogowy. Rower mi\u0119\u015bni Allway Line z aluminiow\u0105 ram\u0105, odpowiedni dla wszystkich je\u017ad\u017ac\u00f3w.<\/p>\n","protected":false},"featured_media":11821,"template":"","meta":{"_acf_changed":false},"product_brand":[],"product_cat":[2431],"product_tag":[],"class_list":{"0":"post-9063","1":"product","2":"type-product","3":"status-publish","4":"has-post-thumbnail","6":"product_cat-bezsilnikowy","7":"pa_categoria-bicicletta-road","9":"first","10":"instock","11":"shipping-taxable","12":"purchasable","13":"product-type-simple"},"acf":[],"_links":{"self":[{"href":"https:\/\/www.torpado.com\/pl\/wp-json\/wp\/v2\/product\/9063","targetHints":{"allow":["GET"]}}],"collection":[{"href":"https:\/\/www.torpado.com\/pl\/wp-json\/wp\/v2\/product"}],"about":[{"href":"https:\/\/www.torpado.com\/pl\/wp-json\/wp\/v2\/types\/product"}],"wp:featuredmedia":[{"embeddable":true,"href":"https:\/\/www.torpado.com\/pl\/wp-json\/wp\/v2\/media\/11821"}],"wp:attachment":[{"href":"https:\/\/www.torpado.com\/pl\/wp-json\/wp\/v2\/media?parent=9063"}],"wp:term":[{"taxonomy":"product_brand","embeddable":true,"href":"https:\/\/www.torpado.com\/pl\/wp-json\/wp\/v2\/product_brand?post=9063"},{"taxonomy":"product_cat","embeddable":true,"href":"https:\/\/www.torpado.com\/pl\/wp-json\/wp\/v2\/product_cat?post=9063"},{"taxonomy":"product_tag","embeddable":true,"href":"https:\/\/www.torpado.com\/pl\/wp-json\/wp\/v2\/product_tag?post=9063"}],"curies":[{"name":"wp","href":"https:\/\/api.w.org\/{rel}","templated":true}]}}