{"id":9059,"date":"2020-04-07T16:46:34","date_gmt":"2020-04-07T14:46:34","guid":{"rendered":"https:\/\/www.torpado.com\/bicicletta\/sportage-t821\/"},"modified":"2022-11-16T11:55:09","modified_gmt":"2022-11-16T10:55:09","slug":"crossfire-t821","status":"publish","type":"product","link":"https:\/\/www.torpado.com\/pl\/rower\/crossfire-t821\/","title":{"rendered":"CROSSFIRE &#8211; T821"},"content":{"rendered":"","protected":false},"excerpt":{"rendered":"<p>CROSSFIRE T821 rower trekingowy marki Torpado. Rower mi\u0119\u015bni Allerway z aluminiow\u0105 ram\u0105, odpowiedni dla kobiet na rowerach.<\/p>\n","protected":false},"featured_media":11650,"template":"","meta":{"_acf_changed":false},"product_brand":[],"product_cat":[2431],"product_tag":[],"class_list":{"0":"post-9059","1":"product","2":"type-product","3":"status-publish","4":"has-post-thumbnail","6":"product_cat-bezsilnikowy","7":"pa_categoria-bicicletta-trekking","9":"first","10":"instock","11":"shipping-taxable","12":"purchasable","13":"product-type-simple"},"acf":[],"_links":{"self":[{"href":"https:\/\/www.torpado.com\/pl\/wp-json\/wp\/v2\/product\/9059","targetHints":{"allow":["GET"]}}],"collection":[{"href":"https:\/\/www.torpado.com\/pl\/wp-json\/wp\/v2\/product"}],"about":[{"href":"https:\/\/www.torpado.com\/pl\/wp-json\/wp\/v2\/types\/product"}],"wp:featuredmedia":[{"embeddable":true,"href":"https:\/\/www.torpado.com\/pl\/wp-json\/wp\/v2\/media\/11650"}],"wp:attachment":[{"href":"https:\/\/www.torpado.com\/pl\/wp-json\/wp\/v2\/media?parent=9059"}],"wp:term":[{"taxonomy":"product_brand","embeddable":true,"href":"https:\/\/www.torpado.com\/pl\/wp-json\/wp\/v2\/product_brand?post=9059"},{"taxonomy":"product_cat","embeddable":true,"href":"https:\/\/www.torpado.com\/pl\/wp-json\/wp\/v2\/product_cat?post=9059"},{"taxonomy":"product_tag","embeddable":true,"href":"https:\/\/www.torpado.com\/pl\/wp-json\/wp\/v2\/product_tag?post=9059"}],"curies":[{"name":"wp","href":"https:\/\/api.w.org\/{rel}","templated":true}]}}