{"id":9053,"date":"2020-04-07T16:46:40","date_gmt":"2020-04-07T14:46:40","guid":{"rendered":"https:\/\/www.torpado.com\/bicicletta\/navigator-lux-t410\/"},"modified":"2022-11-28T13:51:18","modified_gmt":"2022-11-28T12:51:18","slug":"navigator-lux-t410","status":"publish","type":"product","link":"https:\/\/www.torpado.com\/pl\/rower\/navigator-lux-t410\/","title":{"rendered":"NAVIGATOR LUX &#8211; T410"},"content":{"rendered":"","protected":false},"excerpt":{"rendered":"<p>NAVIGATOR LUX &#8211; T410 rower miejski marki Torpado. Rower mi\u0119\u015bni linii Allway z aluminiow\u0105 ram\u0105 nadaje si\u0119 dla m\u0119\u017cczyzn je\u017ad\u017aca.<\/p>\n","protected":false},"featured_media":15678,"template":"","meta":{"_acf_changed":false},"product_brand":[],"product_cat":[2431],"product_tag":[],"class_list":{"0":"post-9053","1":"product","2":"type-product","3":"status-publish","4":"has-post-thumbnail","6":"product_cat-bezsilnikowy","7":"pa_categoria-bicicletta-city-bike","9":"first","10":"instock","11":"shipping-taxable","12":"purchasable","13":"product-type-simple"},"acf":[],"_links":{"self":[{"href":"https:\/\/www.torpado.com\/pl\/wp-json\/wp\/v2\/product\/9053","targetHints":{"allow":["GET"]}}],"collection":[{"href":"https:\/\/www.torpado.com\/pl\/wp-json\/wp\/v2\/product"}],"about":[{"href":"https:\/\/www.torpado.com\/pl\/wp-json\/wp\/v2\/types\/product"}],"wp:featuredmedia":[{"embeddable":true,"href":"https:\/\/www.torpado.com\/pl\/wp-json\/wp\/v2\/media\/15678"}],"wp:attachment":[{"href":"https:\/\/www.torpado.com\/pl\/wp-json\/wp\/v2\/media?parent=9053"}],"wp:term":[{"taxonomy":"product_brand","embeddable":true,"href":"https:\/\/www.torpado.com\/pl\/wp-json\/wp\/v2\/product_brand?post=9053"},{"taxonomy":"product_cat","embeddable":true,"href":"https:\/\/www.torpado.com\/pl\/wp-json\/wp\/v2\/product_cat?post=9053"},{"taxonomy":"product_tag","embeddable":true,"href":"https:\/\/www.torpado.com\/pl\/wp-json\/wp\/v2\/product_tag?post=9053"}],"curies":[{"name":"wp","href":"https:\/\/api.w.org\/{rel}","templated":true}]}}