{"id":9039,"date":"2020-04-07T16:46:41","date_gmt":"2020-04-07T14:46:41","guid":{"rendered":"https:\/\/www.torpado.com\/bicicletta\/navigator-lux-t431\/"},"modified":"2022-11-28T14:12:29","modified_gmt":"2022-11-28T13:12:29","slug":"navigator-lux-t411","status":"publish","type":"product","link":"https:\/\/www.torpado.com\/pl\/rower\/navigator-lux-t411\/","title":{"rendered":"NAVIGATOR LUX &#8211; T411"},"content":{"rendered":"","protected":false},"excerpt":{"rendered":"<p>NAVIGATOR LUX &#8211; T411 rower miejski marki Torpado. Rower mi\u0119\u015bni Allway Line z aluminiow\u0105 ram\u0105, odpowiedni dla kobiet je\u017ad\u017ac\u00f3w.<\/p>\n","protected":false},"featured_media":15693,"template":"","meta":{"_acf_changed":false},"product_brand":[],"product_cat":[2431],"product_tag":[],"class_list":{"0":"post-9039","1":"product","2":"type-product","3":"status-publish","4":"has-post-thumbnail","6":"product_cat-bezsilnikowy","7":"pa_categoria-bicicletta-city-bike","9":"first","10":"instock","11":"shipping-taxable","12":"purchasable","13":"product-type-simple"},"acf":[],"_links":{"self":[{"href":"https:\/\/www.torpado.com\/pl\/wp-json\/wp\/v2\/product\/9039","targetHints":{"allow":["GET"]}}],"collection":[{"href":"https:\/\/www.torpado.com\/pl\/wp-json\/wp\/v2\/product"}],"about":[{"href":"https:\/\/www.torpado.com\/pl\/wp-json\/wp\/v2\/types\/product"}],"wp:featuredmedia":[{"embeddable":true,"href":"https:\/\/www.torpado.com\/pl\/wp-json\/wp\/v2\/media\/15693"}],"wp:attachment":[{"href":"https:\/\/www.torpado.com\/pl\/wp-json\/wp\/v2\/media?parent=9039"}],"wp:term":[{"taxonomy":"product_brand","embeddable":true,"href":"https:\/\/www.torpado.com\/pl\/wp-json\/wp\/v2\/product_brand?post=9039"},{"taxonomy":"product_cat","embeddable":true,"href":"https:\/\/www.torpado.com\/pl\/wp-json\/wp\/v2\/product_cat?post=9039"},{"taxonomy":"product_tag","embeddable":true,"href":"https:\/\/www.torpado.com\/pl\/wp-json\/wp\/v2\/product_tag?post=9039"}],"curies":[{"name":"wp","href":"https:\/\/api.w.org\/{rel}","templated":true}]}}