{"id":9012,"date":"2020-04-07T16:46:43","date_gmt":"2020-04-07T14:46:43","guid":{"rendered":"https:\/\/www.torpado.com\/bicicletta\/xplosion-t621\/"},"modified":"2022-11-24T14:31:03","modified_gmt":"2022-11-24T13:31:03","slug":"xplosion-t621","status":"publish","type":"product","link":"https:\/\/www.torpado.com\/pl\/rower\/xplosion-t621\/","title":{"rendered":"XPLOSION &#8211; T621"},"content":{"rendered":"","protected":false},"excerpt":{"rendered":"<p>XPLOSION &#8211; T621 rower junior marki Torpado. Rower mi\u0119\u015bni Allway Line ze stalow\u0105 ram\u0105, odpowiedni dla wszystkich je\u017ad\u017ac\u00f3w.<\/p>\n","protected":false},"featured_media":11957,"template":"","meta":{"_acf_changed":false},"product_brand":[],"product_cat":[2431],"product_tag":[],"class_list":{"0":"post-9012","1":"product","2":"type-product","3":"status-publish","4":"has-post-thumbnail","6":"product_cat-bezsilnikowy","7":"pa_categoria-bicicletta-junior","9":"first","10":"instock","11":"shipping-taxable","12":"purchasable","13":"product-type-simple"},"acf":[],"_links":{"self":[{"href":"https:\/\/www.torpado.com\/pl\/wp-json\/wp\/v2\/product\/9012","targetHints":{"allow":["GET"]}}],"collection":[{"href":"https:\/\/www.torpado.com\/pl\/wp-json\/wp\/v2\/product"}],"about":[{"href":"https:\/\/www.torpado.com\/pl\/wp-json\/wp\/v2\/types\/product"}],"wp:featuredmedia":[{"embeddable":true,"href":"https:\/\/www.torpado.com\/pl\/wp-json\/wp\/v2\/media\/11957"}],"wp:attachment":[{"href":"https:\/\/www.torpado.com\/pl\/wp-json\/wp\/v2\/media?parent=9012"}],"wp:term":[{"taxonomy":"product_brand","embeddable":true,"href":"https:\/\/www.torpado.com\/pl\/wp-json\/wp\/v2\/product_brand?post=9012"},{"taxonomy":"product_cat","embeddable":true,"href":"https:\/\/www.torpado.com\/pl\/wp-json\/wp\/v2\/product_cat?post=9012"},{"taxonomy":"product_tag","embeddable":true,"href":"https:\/\/www.torpado.com\/pl\/wp-json\/wp\/v2\/product_tag?post=9012"}],"curies":[{"name":"wp","href":"https:\/\/api.w.org\/{rel}","templated":true}]}}