{"id":9006,"date":"2020-04-07T16:46:50","date_gmt":"2020-04-07T14:46:50","guid":{"rendered":"https:\/\/www.torpado.com\/bicicletta\/trilly-t671\/"},"modified":"2024-10-25T08:36:56","modified_gmt":"2024-10-25T06:36:56","slug":"trilly-t671","status":"publish","type":"product","link":"https:\/\/www.torpado.com\/pl\/rower\/trilly-t671\/","title":{"rendered":"TRILLY &#8211; T671"},"content":{"rendered":"","protected":false},"excerpt":{"rendered":"<p>TRILLY &#8211; T671 motocykl junior marki Torpado. Rower mi\u0119\u015bni linii Allway z ram\u0105 stalow\u0105 odpowiedni\u0105 dla dzieci.<\/p>\n","protected":false},"featured_media":14714,"template":"","meta":{"_acf_changed":false},"product_brand":[],"product_cat":[2431],"product_tag":[],"class_list":{"0":"post-9006","1":"product","2":"type-product","3":"status-publish","4":"has-post-thumbnail","6":"product_cat-bezsilnikowy","7":"pa_categoria-bicicletta-junior","9":"first","10":"instock","11":"shipping-taxable","12":"purchasable","13":"product-type-simple"},"acf":[],"_links":{"self":[{"href":"https:\/\/www.torpado.com\/pl\/wp-json\/wp\/v2\/product\/9006","targetHints":{"allow":["GET"]}}],"collection":[{"href":"https:\/\/www.torpado.com\/pl\/wp-json\/wp\/v2\/product"}],"about":[{"href":"https:\/\/www.torpado.com\/pl\/wp-json\/wp\/v2\/types\/product"}],"wp:featuredmedia":[{"embeddable":true,"href":"https:\/\/www.torpado.com\/pl\/wp-json\/wp\/v2\/media\/14714"}],"wp:attachment":[{"href":"https:\/\/www.torpado.com\/pl\/wp-json\/wp\/v2\/media?parent=9006"}],"wp:term":[{"taxonomy":"product_brand","embeddable":true,"href":"https:\/\/www.torpado.com\/pl\/wp-json\/wp\/v2\/product_brand?post=9006"},{"taxonomy":"product_cat","embeddable":true,"href":"https:\/\/www.torpado.com\/pl\/wp-json\/wp\/v2\/product_cat?post=9006"},{"taxonomy":"product_tag","embeddable":true,"href":"https:\/\/www.torpado.com\/pl\/wp-json\/wp\/v2\/product_tag?post=9006"}],"curies":[{"name":"wp","href":"https:\/\/api.w.org\/{rel}","templated":true}]}}