{"id":8998,"date":"2020-04-07T16:46:51","date_gmt":"2020-04-07T14:46:51","guid":{"rendered":"https:\/\/www.torpado.com\/bicicletta\/titty-t691\/"},"modified":"2022-11-28T11:17:12","modified_gmt":"2022-11-28T10:17:12","slug":"titty-t691","status":"publish","type":"product","link":"https:\/\/www.torpado.com\/pl\/rower\/titty-t691\/","title":{"rendered":"TITTY &#8211; T691"},"content":{"rendered":"","protected":false},"excerpt":{"rendered":"<p>TITTY &#8211; T691 Junior Bike Torpado. Rower mi\u0119\u015bni Alliny z ram\u0105 stalow\u0105 odpowiedni dla dzieci.<\/p>\n","protected":false},"featured_media":12088,"template":"","meta":{"_acf_changed":false},"product_brand":[],"product_cat":[2431],"product_tag":[],"class_list":{"0":"post-8998","1":"product","2":"type-product","3":"status-publish","4":"has-post-thumbnail","6":"product_cat-bezsilnikowy","7":"pa_categoria-bicicletta-junior","9":"first","10":"instock","11":"shipping-taxable","12":"purchasable","13":"product-type-simple"},"acf":[],"_links":{"self":[{"href":"https:\/\/www.torpado.com\/pl\/wp-json\/wp\/v2\/product\/8998","targetHints":{"allow":["GET"]}}],"collection":[{"href":"https:\/\/www.torpado.com\/pl\/wp-json\/wp\/v2\/product"}],"about":[{"href":"https:\/\/www.torpado.com\/pl\/wp-json\/wp\/v2\/types\/product"}],"wp:featuredmedia":[{"embeddable":true,"href":"https:\/\/www.torpado.com\/pl\/wp-json\/wp\/v2\/media\/12088"}],"wp:attachment":[{"href":"https:\/\/www.torpado.com\/pl\/wp-json\/wp\/v2\/media?parent=8998"}],"wp:term":[{"taxonomy":"product_brand","embeddable":true,"href":"https:\/\/www.torpado.com\/pl\/wp-json\/wp\/v2\/product_brand?post=8998"},{"taxonomy":"product_cat","embeddable":true,"href":"https:\/\/www.torpado.com\/pl\/wp-json\/wp\/v2\/product_cat?post=8998"},{"taxonomy":"product_tag","embeddable":true,"href":"https:\/\/www.torpado.com\/pl\/wp-json\/wp\/v2\/product_tag?post=8998"}],"curies":[{"name":"wp","href":"https:\/\/api.w.org\/{rel}","templated":true}]}}