{"id":8986,"date":"2021-03-18T13:39:46","date_gmt":"2021-03-18T12:39:46","guid":{"rendered":"https:\/\/www.torpado.com\/bicicletta\/navigator-t421\/"},"modified":"2022-11-28T14:43:10","modified_gmt":"2022-11-28T13:43:10","slug":"navigator-t421","status":"publish","type":"product","link":"https:\/\/www.torpado.com\/pl\/rower\/navigator-t421\/","title":{"rendered":"NAVIGATOR &#8211; T421"},"content":{"rendered":"","protected":false},"excerpt":{"rendered":"<p>NAVIGATOR &#8211; T421 rower miejski marki Torpado. Rower mi\u0119\u015bni Allway Line z aluminiow\u0105 ram\u0105, odpowiedni dla m\u0119\u017cczyzn.<\/p>\n","protected":false},"featured_media":11851,"template":"","meta":{"_acf_changed":false},"product_brand":[],"product_cat":[2431],"product_tag":[],"class_list":{"0":"post-8986","1":"product","2":"type-product","3":"status-publish","4":"has-post-thumbnail","6":"product_cat-bezsilnikowy","7":"pa_categoria-bicicletta-city-bike","9":"first","10":"instock","11":"shipping-taxable","12":"purchasable","13":"product-type-simple"},"acf":[],"_links":{"self":[{"href":"https:\/\/www.torpado.com\/pl\/wp-json\/wp\/v2\/product\/8986","targetHints":{"allow":["GET"]}}],"collection":[{"href":"https:\/\/www.torpado.com\/pl\/wp-json\/wp\/v2\/product"}],"about":[{"href":"https:\/\/www.torpado.com\/pl\/wp-json\/wp\/v2\/types\/product"}],"wp:featuredmedia":[{"embeddable":true,"href":"https:\/\/www.torpado.com\/pl\/wp-json\/wp\/v2\/media\/11851"}],"wp:attachment":[{"href":"https:\/\/www.torpado.com\/pl\/wp-json\/wp\/v2\/media?parent=8986"}],"wp:term":[{"taxonomy":"product_brand","embeddable":true,"href":"https:\/\/www.torpado.com\/pl\/wp-json\/wp\/v2\/product_brand?post=8986"},{"taxonomy":"product_cat","embeddable":true,"href":"https:\/\/www.torpado.com\/pl\/wp-json\/wp\/v2\/product_cat?post=8986"},{"taxonomy":"product_tag","embeddable":true,"href":"https:\/\/www.torpado.com\/pl\/wp-json\/wp\/v2\/product_tag?post=8986"}],"curies":[{"name":"wp","href":"https:\/\/api.w.org\/{rel}","templated":true}]}}