{"id":8984,"date":"2021-03-18T13:46:14","date_gmt":"2021-03-18T12:46:14","guid":{"rendered":"https:\/\/www.torpado.com\/bicicletta\/partner-t440\/"},"modified":"2022-11-28T16:21:46","modified_gmt":"2022-11-28T15:21:46","slug":"partner-t440","status":"publish","type":"product","link":"https:\/\/www.torpado.com\/pl\/rower\/partner-t440\/","title":{"rendered":"PARTNER &#8211; T440"},"content":{"rendered":"","protected":false},"excerpt":{"rendered":"<p>PARTNER &#8211; T440 rower miejski marki Torpado. Rower mi\u0119\u015bni Allway Line z aluminiow\u0105 ram\u0105, odpowiedni dla m\u0119\u017cczyzn je\u017ad\u017aca.<\/p>\n","protected":false},"featured_media":11887,"template":"","meta":{"_acf_changed":false},"product_brand":[],"product_cat":[2431],"product_tag":[],"class_list":{"0":"post-8984","1":"product","2":"type-product","3":"status-publish","4":"has-post-thumbnail","6":"product_cat-bezsilnikowy","7":"pa_categoria-bicicletta-city-bike","9":"first","10":"instock","11":"shipping-taxable","12":"purchasable","13":"product-type-simple"},"acf":[],"_links":{"self":[{"href":"https:\/\/www.torpado.com\/pl\/wp-json\/wp\/v2\/product\/8984","targetHints":{"allow":["GET"]}}],"collection":[{"href":"https:\/\/www.torpado.com\/pl\/wp-json\/wp\/v2\/product"}],"about":[{"href":"https:\/\/www.torpado.com\/pl\/wp-json\/wp\/v2\/types\/product"}],"wp:featuredmedia":[{"embeddable":true,"href":"https:\/\/www.torpado.com\/pl\/wp-json\/wp\/v2\/media\/11887"}],"wp:attachment":[{"href":"https:\/\/www.torpado.com\/pl\/wp-json\/wp\/v2\/media?parent=8984"}],"wp:term":[{"taxonomy":"product_brand","embeddable":true,"href":"https:\/\/www.torpado.com\/pl\/wp-json\/wp\/v2\/product_brand?post=8984"},{"taxonomy":"product_cat","embeddable":true,"href":"https:\/\/www.torpado.com\/pl\/wp-json\/wp\/v2\/product_cat?post=8984"},{"taxonomy":"product_tag","embeddable":true,"href":"https:\/\/www.torpado.com\/pl\/wp-json\/wp\/v2\/product_tag?post=8984"}],"curies":[{"name":"wp","href":"https:\/\/api.w.org\/{rel}","templated":true}]}}