{"id":8976,"date":"2021-10-05T11:06:03","date_gmt":"2021-10-05T09:06:03","guid":{"rendered":"https:\/\/www.torpado.com\/bicicletta\/hyper-t975-2\/"},"modified":"2023-05-30T10:02:27","modified_gmt":"2023-05-30T08:02:27","slug":"hyper-t970","status":"publish","type":"product","link":"https:\/\/www.torpado.com\/pl\/rower\/hyper-t970\/","title":{"rendered":"HYPER &#8211; T970"},"content":{"rendered":"","protected":false},"excerpt":{"rendered":"<p>HYPER &#8211; T970 Torpado marki MTB. E-bike linii Allway z aluminiow\u0105 ram\u0105 odpowiedni\u0105 dla wszystkich kierowc\u00f3w.<\/p>\n","protected":false},"featured_media":12507,"template":"","meta":{"_acf_changed":false},"product_brand":[],"product_cat":[2430],"product_tag":[],"class_list":{"0":"post-8976","1":"product","2":"type-product","3":"status-publish","4":"has-post-thumbnail","6":"product_cat-e-bike","7":"pa_categoria-bicicletta-mountain-bike","9":"first","10":"instock","11":"shipping-taxable","12":"purchasable","13":"product-type-simple"},"acf":[],"_links":{"self":[{"href":"https:\/\/www.torpado.com\/pl\/wp-json\/wp\/v2\/product\/8976","targetHints":{"allow":["GET"]}}],"collection":[{"href":"https:\/\/www.torpado.com\/pl\/wp-json\/wp\/v2\/product"}],"about":[{"href":"https:\/\/www.torpado.com\/pl\/wp-json\/wp\/v2\/types\/product"}],"wp:featuredmedia":[{"embeddable":true,"href":"https:\/\/www.torpado.com\/pl\/wp-json\/wp\/v2\/media\/12507"}],"wp:attachment":[{"href":"https:\/\/www.torpado.com\/pl\/wp-json\/wp\/v2\/media?parent=8976"}],"wp:term":[{"taxonomy":"product_brand","embeddable":true,"href":"https:\/\/www.torpado.com\/pl\/wp-json\/wp\/v2\/product_brand?post=8976"},{"taxonomy":"product_cat","embeddable":true,"href":"https:\/\/www.torpado.com\/pl\/wp-json\/wp\/v2\/product_cat?post=8976"},{"taxonomy":"product_tag","embeddable":true,"href":"https:\/\/www.torpado.com\/pl\/wp-json\/wp\/v2\/product_tag?post=8976"}],"curies":[{"name":"wp","href":"https:\/\/api.w.org\/{rel}","templated":true}]}}