{"id":16644,"date":"2025-12-11T09:37:21","date_gmt":"2025-12-11T08:37:21","guid":{"rendered":"https:\/\/www.torpado.com\/?post_type=product&#038;p=16644"},"modified":"2025-12-11T11:29:03","modified_gmt":"2025-12-11T10:29:03","slug":"iride-28-t241","status":"publish","type":"product","link":"https:\/\/www.torpado.com\/pl\/rower\/iride-28-t241\/","title":{"rendered":"IRIDE 28 &#8211; T241"},"content":{"rendered":"","protected":false},"excerpt":{"rendered":"<p><strong>IRIDE 28 &#8211; T241<\/strong> rower miejski marki Torpado. Linia rower\u00f3w elektronicznych Allway z aluminiow\u0105 ram\u0105, odpowiednia dla kobiet.<\/p>\n","protected":false},"featured_media":16648,"template":"","meta":{"_acf_changed":false},"product_brand":[],"product_cat":[2430],"product_tag":[],"class_list":{"0":"post-16644","1":"product","2":"type-product","3":"status-publish","4":"has-post-thumbnail","6":"product_cat-e-bike","7":"pa_categoria-bicicletta-city-bike","9":"first","10":"instock","11":"shipping-taxable","12":"purchasable","13":"product-type-simple"},"acf":[],"_links":{"self":[{"href":"https:\/\/www.torpado.com\/pl\/wp-json\/wp\/v2\/product\/16644","targetHints":{"allow":["GET"]}}],"collection":[{"href":"https:\/\/www.torpado.com\/pl\/wp-json\/wp\/v2\/product"}],"about":[{"href":"https:\/\/www.torpado.com\/pl\/wp-json\/wp\/v2\/types\/product"}],"wp:featuredmedia":[{"embeddable":true,"href":"https:\/\/www.torpado.com\/pl\/wp-json\/wp\/v2\/media\/16648"}],"wp:attachment":[{"href":"https:\/\/www.torpado.com\/pl\/wp-json\/wp\/v2\/media?parent=16644"}],"wp:term":[{"taxonomy":"product_brand","embeddable":true,"href":"https:\/\/www.torpado.com\/pl\/wp-json\/wp\/v2\/product_brand?post=16644"},{"taxonomy":"product_cat","embeddable":true,"href":"https:\/\/www.torpado.com\/pl\/wp-json\/wp\/v2\/product_cat?post=16644"},{"taxonomy":"product_tag","embeddable":true,"href":"https:\/\/www.torpado.com\/pl\/wp-json\/wp\/v2\/product_tag?post=16644"}],"curies":[{"name":"wp","href":"https:\/\/api.w.org\/{rel}","templated":true}]}}