{"id":16380,"date":"2025-09-10T15:52:58","date_gmt":"2025-09-10T13:52:58","guid":{"rendered":"https:\/\/www.torpado.com\/?post_type=product&#038;p=16380"},"modified":"2025-09-17T17:12:22","modified_gmt":"2025-09-17T15:12:22","slug":"renero-r-full-xt-8250-di2-rs-sid-110-2","status":"publish","type":"product","link":"https:\/\/www.torpado.com\/pl\/rower\/renero-r-full-xt-8250-di2-rs-sid-110-2\/","title":{"rendered":"RENERO R &#8211; FULL XT 8250 DI2 &#8211; RS SID 110"},"content":{"rendered":"","protected":false},"excerpt":{"rendered":"<p>RENERO R 120&#215;90\/120 to rower g\u00f3rski marki Torpado. Rower muskulary z linii Impudent, wyposa\u017cony w ram\u0119 z karbonu, odpowiedni dla wszystkich rowerzyst\u00f3w.<\/p>\n","protected":false},"featured_media":16331,"template":"","meta":{"_acf_changed":false},"product_brand":[],"product_cat":[2431],"product_tag":[3741,3019],"class_list":{"0":"post-16380","1":"product","2":"type-product","3":"status-publish","4":"has-post-thumbnail","6":"product_cat-bezsilnikowy","7":"product_tag-carbon-pl","8":"product_tag-impudent-pl","9":"pa_categoria-bicicletta-mountain-bike","11":"first","12":"instock","13":"featured","14":"shipping-taxable","15":"purchasable","16":"product-type-simple"},"acf":[],"_links":{"self":[{"href":"https:\/\/www.torpado.com\/pl\/wp-json\/wp\/v2\/product\/16380","targetHints":{"allow":["GET"]}}],"collection":[{"href":"https:\/\/www.torpado.com\/pl\/wp-json\/wp\/v2\/product"}],"about":[{"href":"https:\/\/www.torpado.com\/pl\/wp-json\/wp\/v2\/types\/product"}],"wp:featuredmedia":[{"embeddable":true,"href":"https:\/\/www.torpado.com\/pl\/wp-json\/wp\/v2\/media\/16331"}],"wp:attachment":[{"href":"https:\/\/www.torpado.com\/pl\/wp-json\/wp\/v2\/media?parent=16380"}],"wp:term":[{"taxonomy":"product_brand","embeddable":true,"href":"https:\/\/www.torpado.com\/pl\/wp-json\/wp\/v2\/product_brand?post=16380"},{"taxonomy":"product_cat","embeddable":true,"href":"https:\/\/www.torpado.com\/pl\/wp-json\/wp\/v2\/product_cat?post=16380"},{"taxonomy":"product_tag","embeddable":true,"href":"https:\/\/www.torpado.com\/pl\/wp-json\/wp\/v2\/product_tag?post=16380"}],"curies":[{"name":"wp","href":"https:\/\/api.w.org\/{rel}","templated":true}]}}