{"id":13607,"date":"2023-12-05T18:50:25","date_gmt":"2023-12-05T17:50:29","guid":{"rendered":"https:\/\/www.torpado.com\/?post_type=product&#038;p=13607"},"modified":"2025-04-21T01:00:04","modified_gmt":"2025-04-20T23:00:04","slug":"renero-xo-new-fox-34-120","status":"publish","type":"product","link":"https:\/\/www.torpado.com\/pl\/rower\/renero-xo-new-fox-34-120\/","title":{"rendered":"RENERO \u2013 XO NEW \u2013 FOX 34 120"},"content":{"rendered":"","protected":false},"excerpt":{"rendered":"<p>RENERO X 120&#215;120 marki rower\u00f3w g\u00f3rskich Torpado. Muskulatorska linia rowerowa z ram\u0105 w\u0119glow\u0105 nadaje si\u0119 dla wszystkich je\u017ad\u017ac\u00f3w.<\/p>\n","protected":false},"featured_media":15502,"template":"","meta":{"_acf_changed":false},"product_brand":[],"product_cat":[2431],"product_tag":[],"class_list":{"0":"post-13607","1":"product","2":"type-product","3":"status-publish","4":"has-post-thumbnail","6":"product_cat-bezsilnikowy","7":"pa_categoria-bicicletta-mountain-bike","9":"first","10":"instock","11":"shipping-taxable","12":"purchasable","13":"product-type-simple"},"acf":[],"_links":{"self":[{"href":"https:\/\/www.torpado.com\/pl\/wp-json\/wp\/v2\/product\/13607","targetHints":{"allow":["GET"]}}],"collection":[{"href":"https:\/\/www.torpado.com\/pl\/wp-json\/wp\/v2\/product"}],"about":[{"href":"https:\/\/www.torpado.com\/pl\/wp-json\/wp\/v2\/types\/product"}],"wp:featuredmedia":[{"embeddable":true,"href":"https:\/\/www.torpado.com\/pl\/wp-json\/wp\/v2\/media\/15502"}],"wp:attachment":[{"href":"https:\/\/www.torpado.com\/pl\/wp-json\/wp\/v2\/media?parent=13607"}],"wp:term":[{"taxonomy":"product_brand","embeddable":true,"href":"https:\/\/www.torpado.com\/pl\/wp-json\/wp\/v2\/product_brand?post=13607"},{"taxonomy":"product_cat","embeddable":true,"href":"https:\/\/www.torpado.com\/pl\/wp-json\/wp\/v2\/product_cat?post=13607"},{"taxonomy":"product_tag","embeddable":true,"href":"https:\/\/www.torpado.com\/pl\/wp-json\/wp\/v2\/product_tag?post=13607"}],"curies":[{"name":"wp","href":"https:\/\/api.w.org\/{rel}","templated":true}]}}