{"id":12638,"date":"2023-12-15T10:02:50","date_gmt":"2023-07-07T10:03:52","guid":{"rendered":"https:\/\/www.torpado.com\/?post_type=product&#038;p=12638"},"modified":"2023-08-11T16:41:31","modified_gmt":"2023-08-11T14:41:31","slug":"xanto-a-23ifbuimm","status":"publish","type":"product","link":"https:\/\/www.torpado.com\/pl\/rower\/xanto-a-23ifbuimm\/","title":{"rendered":"XANTO A &#8211; SRAM SX EAGLE &#8211; RS 35"},"content":{"rendered":"","protected":false},"excerpt":{"rendered":"<p>XANTO A marki MTB Torpado. Linia e-bike z aluminiow\u0105 ram\u0105 nadaje si\u0119 dla wszystkich kierowc\u00f3w.<\/p>\n","protected":false},"featured_media":12925,"template":"","meta":{"_acf_changed":false},"product_brand":[],"product_cat":[2430],"product_tag":[],"class_list":{"0":"post-12638","1":"product","2":"type-product","3":"status-publish","4":"has-post-thumbnail","6":"product_cat-e-bike","7":"pa_categoria-bicicletta-mountain-bike","9":"first","10":"instock","11":"shipping-taxable","12":"purchasable","13":"product-type-simple"},"acf":[],"_links":{"self":[{"href":"https:\/\/www.torpado.com\/pl\/wp-json\/wp\/v2\/product\/12638","targetHints":{"allow":["GET"]}}],"collection":[{"href":"https:\/\/www.torpado.com\/pl\/wp-json\/wp\/v2\/product"}],"about":[{"href":"https:\/\/www.torpado.com\/pl\/wp-json\/wp\/v2\/types\/product"}],"wp:featuredmedia":[{"embeddable":true,"href":"https:\/\/www.torpado.com\/pl\/wp-json\/wp\/v2\/media\/12925"}],"wp:attachment":[{"href":"https:\/\/www.torpado.com\/pl\/wp-json\/wp\/v2\/media?parent=12638"}],"wp:term":[{"taxonomy":"product_brand","embeddable":true,"href":"https:\/\/www.torpado.com\/pl\/wp-json\/wp\/v2\/product_brand?post=12638"},{"taxonomy":"product_cat","embeddable":true,"href":"https:\/\/www.torpado.com\/pl\/wp-json\/wp\/v2\/product_cat?post=12638"},{"taxonomy":"product_tag","embeddable":true,"href":"https:\/\/www.torpado.com\/pl\/wp-json\/wp\/v2\/product_tag?post=12638"}],"curies":[{"name":"wp","href":"https:\/\/api.w.org\/{rel}","templated":true}]}}