{"id":12598,"date":"2023-07-06T16:06:13","date_gmt":"2023-07-06T14:06:16","guid":{"rendered":"https:\/\/www.torpado.com\/?post_type=product&#038;p=12598"},"modified":"2023-12-11T18:56:40","modified_gmt":"2023-12-11T17:56:40","slug":"zenith-23i32","status":"publish","type":"product","link":"https:\/\/www.torpado.com\/pl\/rower\/zenith-23i32\/","title":{"rendered":"ZENITH X &#8211; SRAM APEX 1 X 11"},"content":{"rendered":"","protected":false},"excerpt":{"rendered":"<p>Pierwszy \u017cwirowy model z Torpado Impudent ewoluuje w nowej wersji: Zenith X. dzi\u0119ki nowym technologiom produkcyjnym poziomy wydajno\u015bci znacznie rosn\u0105. Wi\u0119ksza dynamika, bardziej dynamiczna geometria, asymetryczny w\u00f3zek dla lepszej linii \u0142a\u0144cuchowej i w pe\u0142ni zintegrowane kable sprawiaj\u0105, \u017ce Zenith X jest rowerem \u017cwirowym na najwy\u017cszym poziomie swojej klasy.<\/p>\n","protected":false},"featured_media":10345,"template":"","meta":{"_acf_changed":false},"product_brand":[],"product_cat":[2431],"product_tag":[],"class_list":{"0":"post-12598","1":"product","2":"type-product","3":"status-publish","4":"has-post-thumbnail","6":"product_cat-bezsilnikowy","7":"pa_categoria-bicicletta-gravel-pl","9":"first","10":"instock","11":"shipping-taxable","12":"purchasable","13":"product-type-simple"},"acf":[],"_links":{"self":[{"href":"https:\/\/www.torpado.com\/pl\/wp-json\/wp\/v2\/product\/12598","targetHints":{"allow":["GET"]}}],"collection":[{"href":"https:\/\/www.torpado.com\/pl\/wp-json\/wp\/v2\/product"}],"about":[{"href":"https:\/\/www.torpado.com\/pl\/wp-json\/wp\/v2\/types\/product"}],"wp:featuredmedia":[{"embeddable":true,"href":"https:\/\/www.torpado.com\/pl\/wp-json\/wp\/v2\/media\/10345"}],"wp:attachment":[{"href":"https:\/\/www.torpado.com\/pl\/wp-json\/wp\/v2\/media?parent=12598"}],"wp:term":[{"taxonomy":"product_brand","embeddable":true,"href":"https:\/\/www.torpado.com\/pl\/wp-json\/wp\/v2\/product_brand?post=12598"},{"taxonomy":"product_cat","embeddable":true,"href":"https:\/\/www.torpado.com\/pl\/wp-json\/wp\/v2\/product_cat?post=12598"},{"taxonomy":"product_tag","embeddable":true,"href":"https:\/\/www.torpado.com\/pl\/wp-json\/wp\/v2\/product_tag?post=12598"}],"curies":[{"name":"wp","href":"https:\/\/api.w.org\/{rel}","templated":true}]}}