{"id":12582,"date":"2023-07-06T15:27:28","date_gmt":"2023-07-06T13:27:31","guid":{"rendered":"https:\/\/www.torpado.com\/?post_type=product&#038;p=12582"},"modified":"2023-11-24T18:37:26","modified_gmt":"2023-11-24T17:37:26","slug":"renero-x-23i6wgf","status":"publish","type":"product","link":"https:\/\/www.torpado.com\/pl\/rower\/renero-x-23i6wgf\/","title":{"rendered":"RENERO X \u2013 SRAM GX AXS \u2013 FOX 34"},"content":{"rendered":"","protected":false},"excerpt":{"rendered":"<p>RENERO X 120&#215;120 marki rower\u00f3w g\u00f3rskich Torpado. Muskulatorska linia rowerowa z ram\u0105 w\u0119glow\u0105 nadaje si\u0119 dla wszystkich je\u017ad\u017ac\u00f3w.<\/p>\n","protected":false},"featured_media":12750,"template":"","meta":{"_acf_changed":false},"product_brand":[],"product_cat":[2431],"product_tag":[],"class_list":{"0":"post-12582","1":"product","2":"type-product","3":"status-publish","4":"has-post-thumbnail","6":"product_cat-bezsilnikowy","7":"pa_categoria-bicicletta-mountain-bike","9":"first","10":"instock","11":"shipping-taxable","12":"purchasable","13":"product-type-simple"},"acf":[],"_links":{"self":[{"href":"https:\/\/www.torpado.com\/pl\/wp-json\/wp\/v2\/product\/12582","targetHints":{"allow":["GET"]}}],"collection":[{"href":"https:\/\/www.torpado.com\/pl\/wp-json\/wp\/v2\/product"}],"about":[{"href":"https:\/\/www.torpado.com\/pl\/wp-json\/wp\/v2\/types\/product"}],"wp:featuredmedia":[{"embeddable":true,"href":"https:\/\/www.torpado.com\/pl\/wp-json\/wp\/v2\/media\/12750"}],"wp:attachment":[{"href":"https:\/\/www.torpado.com\/pl\/wp-json\/wp\/v2\/media?parent=12582"}],"wp:term":[{"taxonomy":"product_brand","embeddable":true,"href":"https:\/\/www.torpado.com\/pl\/wp-json\/wp\/v2\/product_brand?post=12582"},{"taxonomy":"product_cat","embeddable":true,"href":"https:\/\/www.torpado.com\/pl\/wp-json\/wp\/v2\/product_cat?post=12582"},{"taxonomy":"product_tag","embeddable":true,"href":"https:\/\/www.torpado.com\/pl\/wp-json\/wp\/v2\/product_tag?post=12582"}],"curies":[{"name":"wp","href":"https:\/\/api.w.org\/{rel}","templated":true}]}}