{"id":12308,"date":"2022-12-07T15:45:22","date_gmt":"2022-12-07T14:45:22","guid":{"rendered":"https:\/\/www.torpado.com\/?post_type=product&#038;p=12308"},"modified":"2023-06-12T11:47:04","modified_gmt":"2023-06-12T09:47:04","slug":"thor-t989","status":"publish","type":"product","link":"https:\/\/www.torpado.com\/pl\/rower\/thor-t989\/","title":{"rendered":"THOR &#8211; T989"},"content":{"rendered":"","protected":false},"excerpt":{"rendered":"<p>THOR &#8211; T989 Torpado marki MTB. E-bike linii Allway z aluminiow\u0105 ram\u0105 odpowiedni\u0105 dla wszystkich kierowc\u00f3w.<\/p>\n","protected":false},"featured_media":12213,"template":"","meta":{"_acf_changed":false},"product_brand":[],"product_cat":[2430],"product_tag":[],"class_list":{"0":"post-12308","1":"product","2":"type-product","3":"status-publish","4":"has-post-thumbnail","6":"product_cat-e-bike","7":"pa_categoria-bicicletta-mountain-bike","9":"first","10":"instock","11":"shipping-taxable","12":"purchasable","13":"product-type-simple"},"acf":[],"_links":{"self":[{"href":"https:\/\/www.torpado.com\/pl\/wp-json\/wp\/v2\/product\/12308","targetHints":{"allow":["GET"]}}],"collection":[{"href":"https:\/\/www.torpado.com\/pl\/wp-json\/wp\/v2\/product"}],"about":[{"href":"https:\/\/www.torpado.com\/pl\/wp-json\/wp\/v2\/types\/product"}],"wp:featuredmedia":[{"embeddable":true,"href":"https:\/\/www.torpado.com\/pl\/wp-json\/wp\/v2\/media\/12213"}],"wp:attachment":[{"href":"https:\/\/www.torpado.com\/pl\/wp-json\/wp\/v2\/media?parent=12308"}],"wp:term":[{"taxonomy":"product_brand","embeddable":true,"href":"https:\/\/www.torpado.com\/pl\/wp-json\/wp\/v2\/product_brand?post=12308"},{"taxonomy":"product_cat","embeddable":true,"href":"https:\/\/www.torpado.com\/pl\/wp-json\/wp\/v2\/product_cat?post=12308"},{"taxonomy":"product_tag","embeddable":true,"href":"https:\/\/www.torpado.com\/pl\/wp-json\/wp\/v2\/product_tag?post=12308"}],"curies":[{"name":"wp","href":"https:\/\/api.w.org\/{rel}","templated":true}]}}