{"id":12278,"date":"2022-12-06T11:31:53","date_gmt":"2022-12-06T10:31:53","guid":{"rendered":"https:\/\/www.torpado.com\/bicycle\/ares-t966\/"},"modified":"2024-09-16T17:11:32","modified_gmt":"2024-09-16T15:11:32","slug":"ares-t966","status":"publish","type":"product","link":"https:\/\/www.torpado.com\/pl\/rower\/ares-t966\/","title":{"rendered":"ARES &#8211; T966"},"content":{"rendered":"","protected":false},"excerpt":{"rendered":"<p>ARES &#8211; T966 la twarda marka E-MTB Torpado z w\u0142oskim silnikiem OLI. Twardy e-bike Allinway z aluminiow\u0105 ram\u0105 techno z wbudowanymi przewodami i bateri\u0105. Ten MTB jest odpowiedni dla kobiet je\u017ad\u017ac\u00f3w.<\/p>\n","protected":false},"featured_media":14591,"template":"","meta":{"_acf_changed":false},"product_brand":[],"product_cat":[2430],"product_tag":[],"class_list":{"0":"post-12278","1":"product","2":"type-product","3":"status-publish","4":"has-post-thumbnail","6":"product_cat-e-bike","7":"pa_categoria-bicicletta-mountain-bike","9":"first","10":"instock","11":"shipping-taxable","12":"purchasable","13":"product-type-simple"},"acf":[],"_links":{"self":[{"href":"https:\/\/www.torpado.com\/pl\/wp-json\/wp\/v2\/product\/12278","targetHints":{"allow":["GET"]}}],"collection":[{"href":"https:\/\/www.torpado.com\/pl\/wp-json\/wp\/v2\/product"}],"about":[{"href":"https:\/\/www.torpado.com\/pl\/wp-json\/wp\/v2\/types\/product"}],"wp:featuredmedia":[{"embeddable":true,"href":"https:\/\/www.torpado.com\/pl\/wp-json\/wp\/v2\/media\/14591"}],"wp:attachment":[{"href":"https:\/\/www.torpado.com\/pl\/wp-json\/wp\/v2\/media?parent=12278"}],"wp:term":[{"taxonomy":"product_brand","embeddable":true,"href":"https:\/\/www.torpado.com\/pl\/wp-json\/wp\/v2\/product_brand?post=12278"},{"taxonomy":"product_cat","embeddable":true,"href":"https:\/\/www.torpado.com\/pl\/wp-json\/wp\/v2\/product_cat?post=12278"},{"taxonomy":"product_tag","embeddable":true,"href":"https:\/\/www.torpado.com\/pl\/wp-json\/wp\/v2\/product_tag?post=12278"}],"curies":[{"name":"wp","href":"https:\/\/api.w.org\/{rel}","templated":true}]}}