{"id":12257,"date":"2022-12-05T16:48:15","date_gmt":"2022-12-05T15:48:15","guid":{"rendered":"https:\/\/www.torpado.com\/bicycle\/poseidon-t940\/"},"modified":"2023-08-09T16:53:50","modified_gmt":"2023-08-09T14:53:50","slug":"poseidon-t940","status":"publish","type":"product","link":"https:\/\/www.torpado.com\/pl\/rower\/poseidon-t940\/","title":{"rendered":"POSEIDON &#8211; T940"},"content":{"rendered":"","protected":false},"excerpt":{"rendered":"<p>POSEIDON &#8211; T940 to twarda E-MTB z silnikiem centralnym. Aluminiowe podwozie techno, przewody i akumulator zintegrowane z ko\u0142ami 24&#8243; z silnikiem TONGSHENG. It jest elektrycznym rowerem g\u00f3rskim odpowiednim dla ch\u0142opc\u00f3w i jest cz\u0119\u015bci\u0105 linii Allway Torpado.<\/p>\n","protected":false},"featured_media":12810,"template":"","meta":{"_acf_changed":false},"product_brand":[],"product_cat":[2430],"product_tag":[],"class_list":{"0":"post-12257","1":"product","2":"type-product","3":"status-publish","4":"has-post-thumbnail","6":"product_cat-e-bike","7":"pa_categoria-bicicletta-mountain-bike","9":"first","10":"instock","11":"shipping-taxable","12":"purchasable","13":"product-type-simple"},"acf":[],"_links":{"self":[{"href":"https:\/\/www.torpado.com\/pl\/wp-json\/wp\/v2\/product\/12257","targetHints":{"allow":["GET"]}}],"collection":[{"href":"https:\/\/www.torpado.com\/pl\/wp-json\/wp\/v2\/product"}],"about":[{"href":"https:\/\/www.torpado.com\/pl\/wp-json\/wp\/v2\/types\/product"}],"wp:featuredmedia":[{"embeddable":true,"href":"https:\/\/www.torpado.com\/pl\/wp-json\/wp\/v2\/media\/12810"}],"wp:attachment":[{"href":"https:\/\/www.torpado.com\/pl\/wp-json\/wp\/v2\/media?parent=12257"}],"wp:term":[{"taxonomy":"product_brand","embeddable":true,"href":"https:\/\/www.torpado.com\/pl\/wp-json\/wp\/v2\/product_brand?post=12257"},{"taxonomy":"product_cat","embeddable":true,"href":"https:\/\/www.torpado.com\/pl\/wp-json\/wp\/v2\/product_cat?post=12257"},{"taxonomy":"product_tag","embeddable":true,"href":"https:\/\/www.torpado.com\/pl\/wp-json\/wp\/v2\/product_tag?post=12257"}],"curies":[{"name":"wp","href":"https:\/\/api.w.org\/{rel}","templated":true}]}}