{"id":11706,"date":"2022-10-27T11:50:57","date_gmt":"2022-10-27T09:50:57","guid":{"rendered":"https:\/\/www.torpado.com\/bicycle\/kepler\/"},"modified":"2022-11-24T10:27:33","modified_gmt":"2022-11-24T09:27:33","slug":"kepler","status":"publish","type":"product","link":"https:\/\/www.torpado.com\/pl\/rower\/kepler\/","title":{"rendered":"KEPLER &#8211; T310"},"content":{"rendered":"","protected":false},"excerpt":{"rendered":"<p>Kepler jest \u017cwirem aluminiowym linii Allway Torpado. Dzi\u0119ki swojej geometrii nadaje si\u0119 do wszystkich typ\u00f3w rowerach, nawet dla tych, kt\u00f3rzy po raz pierwszy zbli\u017caj\u0105 si\u0119 do \u015bwiata \u017cwirowni.<\/p>\n","protected":false},"featured_media":11699,"template":"","meta":{"_acf_changed":false},"product_brand":[],"product_cat":[2431],"product_tag":[3017,3612,3613,3020],"class_list":{"0":"post-11706","1":"product","2":"type-product","3":"status-publish","4":"has-post-thumbnail","6":"product_cat-bezsilnikowy","7":"product_tag-alluminio-pl","8":"product_tag-allway-pl","9":"product_tag-gravel-pl","10":"product_tag-road-pl","11":"pa_categoria-bicicletta-gravel-pl","13":"first","14":"instock","15":"shipping-taxable","16":"product-type-simple"},"acf":[],"_links":{"self":[{"href":"https:\/\/www.torpado.com\/pl\/wp-json\/wp\/v2\/product\/11706","targetHints":{"allow":["GET"]}}],"collection":[{"href":"https:\/\/www.torpado.com\/pl\/wp-json\/wp\/v2\/product"}],"about":[{"href":"https:\/\/www.torpado.com\/pl\/wp-json\/wp\/v2\/types\/product"}],"wp:featuredmedia":[{"embeddable":true,"href":"https:\/\/www.torpado.com\/pl\/wp-json\/wp\/v2\/media\/11699"}],"wp:attachment":[{"href":"https:\/\/www.torpado.com\/pl\/wp-json\/wp\/v2\/media?parent=11706"}],"wp:term":[{"taxonomy":"product_brand","embeddable":true,"href":"https:\/\/www.torpado.com\/pl\/wp-json\/wp\/v2\/product_brand?post=11706"},{"taxonomy":"product_cat","embeddable":true,"href":"https:\/\/www.torpado.com\/pl\/wp-json\/wp\/v2\/product_cat?post=11706"},{"taxonomy":"product_tag","embeddable":true,"href":"https:\/\/www.torpado.com\/pl\/wp-json\/wp\/v2\/product_tag?post=11706"}],"curies":[{"name":"wp","href":"https:\/\/api.w.org\/{rel}","templated":true}]}}