{"id":13625,"date":"2023-12-06T15:31:49","date_gmt":"2023-12-06T14:31:49","guid":{"rendered":"https:\/\/www.torpado.com\/?post_type=product&#038;p=13625"},"modified":"2023-12-06T15:59:09","modified_gmt":"2023-12-06T14:59:09","slug":"ribot-x-24i9xxsg","status":"publish","type":"product","link":"https:\/\/www.torpado.com\/fr\/velo\/ribot-x-24i9xxsg\/","title":{"rendered":"RIBOT X &#8211; FULL XT &#8211; SID 100MM"},"content":{"rendered":"","protected":false},"excerpt":{"rendered":"<p>RIBOT X le VTT de marque Torpado. Le v\u00e9lo musculaire de la ligne impudent avec le cadre en carbone adapt\u00e9 \u00e0 tous les riders.<\/p>\n","protected":false},"featured_media":10017,"template":"","meta":{"_acf_changed":false},"product_brand":[],"product_cat":[3027],"product_tag":[],"class_list":{"0":"post-13625","1":"product","2":"type-product","3":"status-publish","4":"has-post-thumbnail","6":"product_cat-velos","7":"pa_categoria-bicicletta-vtt","9":"first","10":"instock","11":"shipping-taxable","12":"purchasable","13":"product-type-simple"},"acf":[],"_links":{"self":[{"href":"https:\/\/www.torpado.com\/fr\/wp-json\/wp\/v2\/product\/13625","targetHints":{"allow":["GET"]}}],"collection":[{"href":"https:\/\/www.torpado.com\/fr\/wp-json\/wp\/v2\/product"}],"about":[{"href":"https:\/\/www.torpado.com\/fr\/wp-json\/wp\/v2\/types\/product"}],"wp:featuredmedia":[{"embeddable":true,"href":"https:\/\/www.torpado.com\/fr\/wp-json\/wp\/v2\/media\/10017"}],"wp:attachment":[{"href":"https:\/\/www.torpado.com\/fr\/wp-json\/wp\/v2\/media?parent=13625"}],"wp:term":[{"taxonomy":"product_brand","embeddable":true,"href":"https:\/\/www.torpado.com\/fr\/wp-json\/wp\/v2\/product_brand?post=13625"},{"taxonomy":"product_cat","embeddable":true,"href":"https:\/\/www.torpado.com\/fr\/wp-json\/wp\/v2\/product_cat?post=13625"},{"taxonomy":"product_tag","embeddable":true,"href":"https:\/\/www.torpado.com\/fr\/wp-json\/wp\/v2\/product_tag?post=13625"}],"curies":[{"name":"wp","href":"https:\/\/api.w.org\/{rel}","templated":true}]}}