{"id":12632,"date":"2023-12-15T10:05:51","date_gmt":"2023-07-07T10:01:53","guid":{"rendered":"https:\/\/www.torpado.com\/?post_type=product&#038;p=12632"},"modified":"2023-12-14T18:57:36","modified_gmt":"2023-12-14T17:57:36","slug":"ribot-n-24i9mif","status":"publish","type":"product","link":"https:\/\/www.torpado.com\/fr\/velo\/ribot-n-24i9mif\/","title":{"rendered":"RIBOT N \u2013 SHIMANO FULL XT \u2013 FOX 32"},"content":{"rendered":"","protected":false},"excerpt":{"rendered":"<p>RIBOT N le VTT de marque Torpado. Le v\u00e9lo musculaire de la ligne impudent avec le cadre en carbone adapt\u00e9 \u00e0 tous les riders.<\/p>\n","protected":false},"featured_media":12648,"template":"","meta":{"_acf_changed":false},"product_brand":[],"product_cat":[3027],"product_tag":[],"class_list":{"0":"post-12632","1":"product","2":"type-product","3":"status-publish","4":"has-post-thumbnail","6":"product_cat-velos","7":"pa_categoria-bicicletta-vtt","9":"first","10":"instock","11":"shipping-taxable","12":"purchasable","13":"product-type-simple"},"acf":[],"_links":{"self":[{"href":"https:\/\/www.torpado.com\/fr\/wp-json\/wp\/v2\/product\/12632","targetHints":{"allow":["GET"]}}],"collection":[{"href":"https:\/\/www.torpado.com\/fr\/wp-json\/wp\/v2\/product"}],"about":[{"href":"https:\/\/www.torpado.com\/fr\/wp-json\/wp\/v2\/types\/product"}],"wp:featuredmedia":[{"embeddable":true,"href":"https:\/\/www.torpado.com\/fr\/wp-json\/wp\/v2\/media\/12648"}],"wp:attachment":[{"href":"https:\/\/www.torpado.com\/fr\/wp-json\/wp\/v2\/media?parent=12632"}],"wp:term":[{"taxonomy":"product_brand","embeddable":true,"href":"https:\/\/www.torpado.com\/fr\/wp-json\/wp\/v2\/product_brand?post=12632"},{"taxonomy":"product_cat","embeddable":true,"href":"https:\/\/www.torpado.com\/fr\/wp-json\/wp\/v2\/product_cat?post=12632"},{"taxonomy":"product_tag","embeddable":true,"href":"https:\/\/www.torpado.com\/fr\/wp-json\/wp\/v2\/product_tag?post=12632"}],"curies":[{"name":"wp","href":"https:\/\/api.w.org\/{rel}","templated":true}]}}