{"id":12617,"date":"2023-07-07T11:55:03","date_gmt":"2023-07-07T09:55:03","guid":{"rendered":"https:\/\/www.torpado.com\/?post_type=product&#038;p=12617"},"modified":"2023-08-11T17:11:30","modified_gmt":"2023-08-11T15:11:30","slug":"matador-n-23i6nks","status":"publish","type":"product","link":"https:\/\/www.torpado.com\/fr\/velo\/matador-n-23i6nks\/","title":{"rendered":"MATADOR N &#8211; SRAM SX EAGLE &#8211; RS SID"},"content":{"rendered":"","protected":false},"excerpt":{"rendered":"<p>MATADOR X le VTT de marque Torpado. Le v\u00e9lo musculaire de la ligne impudent avec le cadre en carbone adapt\u00e9 \u00e0 tous les riders.<\/p>\n","protected":false},"featured_media":12739,"template":"","meta":{"_acf_changed":false},"product_brand":[],"product_cat":[3027],"product_tag":[],"class_list":{"0":"post-12617","1":"product","2":"type-product","3":"status-publish","4":"has-post-thumbnail","6":"product_cat-velos","7":"pa_categoria-bicicletta-vtt","9":"first","10":"instock","11":"shipping-taxable","12":"purchasable","13":"product-type-simple"},"acf":[],"_links":{"self":[{"href":"https:\/\/www.torpado.com\/fr\/wp-json\/wp\/v2\/product\/12617","targetHints":{"allow":["GET"]}}],"collection":[{"href":"https:\/\/www.torpado.com\/fr\/wp-json\/wp\/v2\/product"}],"about":[{"href":"https:\/\/www.torpado.com\/fr\/wp-json\/wp\/v2\/types\/product"}],"wp:featuredmedia":[{"embeddable":true,"href":"https:\/\/www.torpado.com\/fr\/wp-json\/wp\/v2\/media\/12739"}],"wp:attachment":[{"href":"https:\/\/www.torpado.com\/fr\/wp-json\/wp\/v2\/media?parent=12617"}],"wp:term":[{"taxonomy":"product_brand","embeddable":true,"href":"https:\/\/www.torpado.com\/fr\/wp-json\/wp\/v2\/product_brand?post=12617"},{"taxonomy":"product_cat","embeddable":true,"href":"https:\/\/www.torpado.com\/fr\/wp-json\/wp\/v2\/product_cat?post=12617"},{"taxonomy":"product_tag","embeddable":true,"href":"https:\/\/www.torpado.com\/fr\/wp-json\/wp\/v2\/product_tag?post=12617"}],"curies":[{"name":"wp","href":"https:\/\/api.w.org\/{rel}","templated":true}]}}