{"id":12597,"date":"2023-07-06T16:06:13","date_gmt":"2023-07-06T14:06:15","guid":{"rendered":"https:\/\/www.torpado.com\/?post_type=product&#038;p=12597"},"modified":"2023-12-11T18:56:32","modified_gmt":"2023-12-11T17:56:32","slug":"zenith-x-23i32","status":"publish","type":"product","link":"https:\/\/www.torpado.com\/fr\/velo\/zenith-x-23i32\/","title":{"rendered":"ZENITH X &#8211; SRAM APEX 1 X 11"},"content":{"rendered":"","protected":false},"excerpt":{"rendered":"<p>Le premier mod\u00e8le gravel de Torpado Impudent \u00e9volue dans la nouvelle version\u00a0: Zenith X. Les niveaux de performance augmentent consid\u00e9rablement gr\u00e2ce aux nouvelles technologies de production. Une plus grande r\u00e9activit\u00e9, une g\u00e9om\u00e9trie plus a\u00e9rodynamique, un wagon asym\u00e9trique pour une meilleure ligne de cha\u00eene et des c\u00e2bles enti\u00e8rement int\u00e9gr\u00e9s font du Zenith X un v\u00e9lo gravel au top de sa cat\u00e9gorie.<\/p>\n","protected":false},"featured_media":10344,"template":"","meta":{"_acf_changed":false},"product_brand":[],"product_cat":[3027],"product_tag":[],"class_list":{"0":"post-12597","1":"product","2":"type-product","3":"status-publish","4":"has-post-thumbnail","6":"product_cat-velos","7":"pa_categoria-bicicletta-gravel-fr","9":"first","10":"instock","11":"shipping-taxable","12":"purchasable","13":"product-type-simple"},"acf":[],"_links":{"self":[{"href":"https:\/\/www.torpado.com\/fr\/wp-json\/wp\/v2\/product\/12597","targetHints":{"allow":["GET"]}}],"collection":[{"href":"https:\/\/www.torpado.com\/fr\/wp-json\/wp\/v2\/product"}],"about":[{"href":"https:\/\/www.torpado.com\/fr\/wp-json\/wp\/v2\/types\/product"}],"wp:featuredmedia":[{"embeddable":true,"href":"https:\/\/www.torpado.com\/fr\/wp-json\/wp\/v2\/media\/10344"}],"wp:attachment":[{"href":"https:\/\/www.torpado.com\/fr\/wp-json\/wp\/v2\/media?parent=12597"}],"wp:term":[{"taxonomy":"product_brand","embeddable":true,"href":"https:\/\/www.torpado.com\/fr\/wp-json\/wp\/v2\/product_brand?post=12597"},{"taxonomy":"product_cat","embeddable":true,"href":"https:\/\/www.torpado.com\/fr\/wp-json\/wp\/v2\/product_cat?post=12597"},{"taxonomy":"product_tag","embeddable":true,"href":"https:\/\/www.torpado.com\/fr\/wp-json\/wp\/v2\/product_tag?post=12597"}],"curies":[{"name":"wp","href":"https:\/\/api.w.org\/{rel}","templated":true}]}}