{"id":12587,"date":"2023-07-06T15:37:16","date_gmt":"2023-07-06T13:37:18","guid":{"rendered":"https:\/\/www.torpado.com\/?post_type=product&#038;p=12587"},"modified":"2023-11-24T18:30:10","modified_gmt":"2023-11-24T17:30:10","slug":"renero-x-23i6wgs","status":"publish","type":"product","link":"https:\/\/www.torpado.com\/fr\/velo\/renero-x-23i6wgs\/","title":{"rendered":"RENERO X \u2013 SRAM GX AXS \u2013 RS SID"},"content":{"rendered":"","protected":false},"excerpt":{"rendered":"<p>RENERO X 120&#215;120 le VTT de la marque Torpado. Le v\u00e9lo musculaire de la ligne Impudent avec le cadre en carbone adapt\u00e9 \u00e0 tous les riders.<\/p>\n","protected":false},"featured_media":10011,"template":"","meta":{"_acf_changed":false},"product_brand":[],"product_cat":[3027],"product_tag":[],"class_list":{"0":"post-12587","1":"product","2":"type-product","3":"status-publish","4":"has-post-thumbnail","6":"product_cat-velos","7":"pa_categoria-bicicletta-vtt","9":"first","10":"instock","11":"shipping-taxable","12":"purchasable","13":"product-type-simple"},"acf":[],"_links":{"self":[{"href":"https:\/\/www.torpado.com\/fr\/wp-json\/wp\/v2\/product\/12587","targetHints":{"allow":["GET"]}}],"collection":[{"href":"https:\/\/www.torpado.com\/fr\/wp-json\/wp\/v2\/product"}],"about":[{"href":"https:\/\/www.torpado.com\/fr\/wp-json\/wp\/v2\/types\/product"}],"wp:featuredmedia":[{"embeddable":true,"href":"https:\/\/www.torpado.com\/fr\/wp-json\/wp\/v2\/media\/10011"}],"wp:attachment":[{"href":"https:\/\/www.torpado.com\/fr\/wp-json\/wp\/v2\/media?parent=12587"}],"wp:term":[{"taxonomy":"product_brand","embeddable":true,"href":"https:\/\/www.torpado.com\/fr\/wp-json\/wp\/v2\/product_brand?post=12587"},{"taxonomy":"product_cat","embeddable":true,"href":"https:\/\/www.torpado.com\/fr\/wp-json\/wp\/v2\/product_cat?post=12587"},{"taxonomy":"product_tag","embeddable":true,"href":"https:\/\/www.torpado.com\/fr\/wp-json\/wp\/v2\/product_tag?post=12587"}],"curies":[{"name":"wp","href":"https:\/\/api.w.org\/{rel}","templated":true}]}}