{"id":12471,"date":"2023-05-12T14:50:16","date_gmt":"2023-05-12T12:50:16","guid":{"rendered":"https:\/\/www.torpado.com\/?post_type=product&#038;p=12471"},"modified":"2023-05-12T15:46:05","modified_gmt":"2023-05-12T13:46:05","slug":"bora-t305","status":"publish","type":"product","link":"https:\/\/www.torpado.com\/fr\/velo\/bora-t305\/","title":{"rendered":"BORA &#8211; T305"},"content":{"rendered":"","protected":false},"excerpt":{"rendered":"<p><strong>Torpado Bora T305<\/strong> le foldable bike de la marque Torpado. L\u2019e-bike de la ligne allway avec le ch\u00e2ssis en aluminium adapt\u00e9 \u00e0 tous les riders.<\/p>\n","protected":false},"featured_media":12475,"template":"","meta":{"_acf_changed":false},"product_brand":[],"product_cat":[3028],"product_tag":[],"class_list":{"0":"post-12471","1":"product","2":"type-product","3":"status-publish","4":"has-post-thumbnail","6":"product_cat-e-bike","7":"pa_categoria-bicicletta-velo-pliant","9":"first","10":"instock","11":"shipping-taxable","12":"purchasable","13":"product-type-simple"},"acf":[],"_links":{"self":[{"href":"https:\/\/www.torpado.com\/fr\/wp-json\/wp\/v2\/product\/12471","targetHints":{"allow":["GET"]}}],"collection":[{"href":"https:\/\/www.torpado.com\/fr\/wp-json\/wp\/v2\/product"}],"about":[{"href":"https:\/\/www.torpado.com\/fr\/wp-json\/wp\/v2\/types\/product"}],"wp:featuredmedia":[{"embeddable":true,"href":"https:\/\/www.torpado.com\/fr\/wp-json\/wp\/v2\/media\/12475"}],"wp:attachment":[{"href":"https:\/\/www.torpado.com\/fr\/wp-json\/wp\/v2\/media?parent=12471"}],"wp:term":[{"taxonomy":"product_brand","embeddable":true,"href":"https:\/\/www.torpado.com\/fr\/wp-json\/wp\/v2\/product_brand?post=12471"},{"taxonomy":"product_cat","embeddable":true,"href":"https:\/\/www.torpado.com\/fr\/wp-json\/wp\/v2\/product_cat?post=12471"},{"taxonomy":"product_tag","embeddable":true,"href":"https:\/\/www.torpado.com\/fr\/wp-json\/wp\/v2\/product_tag?post=12471"}],"curies":[{"name":"wp","href":"https:\/\/api.w.org\/{rel}","templated":true}]}}