{"id":12281,"date":"2022-12-06T11:31:53","date_gmt":"2022-12-06T10:31:53","guid":{"rendered":"https:\/\/www.torpado.com\/bicycle\/ares-t966\/"},"modified":"2024-09-16T17:11:27","modified_gmt":"2024-09-16T15:11:27","slug":"ares-t966","status":"publish","type":"product","link":"https:\/\/www.torpado.com\/fr\/velo\/ares-t966\/","title":{"rendered":"ARES &#8211; T966"},"content":{"rendered":"","protected":false},"excerpt":{"rendered":"<p>ARES &#8211; T966 le E-VTT hardtail de marque Torpado avec moteur central italien OLI. Le v\u00e9lo \u00e9lectrique hardtail de la ligne Allway avec cadre en techno aluminium avec c\u00e2bles et batterie int\u00e9gr\u00e9s. Ce VTT convient aux cyclistes femmes.<\/p>\n","protected":false},"featured_media":14590,"template":"","meta":{"_acf_changed":false},"product_brand":[],"product_cat":[3028],"product_tag":[],"class_list":{"0":"post-12281","1":"product","2":"type-product","3":"status-publish","4":"has-post-thumbnail","6":"product_cat-e-bike","7":"pa_categoria-bicicletta-vtt","9":"first","10":"instock","11":"shipping-taxable","12":"purchasable","13":"product-type-simple"},"acf":[],"_links":{"self":[{"href":"https:\/\/www.torpado.com\/fr\/wp-json\/wp\/v2\/product\/12281","targetHints":{"allow":["GET"]}}],"collection":[{"href":"https:\/\/www.torpado.com\/fr\/wp-json\/wp\/v2\/product"}],"about":[{"href":"https:\/\/www.torpado.com\/fr\/wp-json\/wp\/v2\/types\/product"}],"wp:featuredmedia":[{"embeddable":true,"href":"https:\/\/www.torpado.com\/fr\/wp-json\/wp\/v2\/media\/14590"}],"wp:attachment":[{"href":"https:\/\/www.torpado.com\/fr\/wp-json\/wp\/v2\/media?parent=12281"}],"wp:term":[{"taxonomy":"product_brand","embeddable":true,"href":"https:\/\/www.torpado.com\/fr\/wp-json\/wp\/v2\/product_brand?post=12281"},{"taxonomy":"product_cat","embeddable":true,"href":"https:\/\/www.torpado.com\/fr\/wp-json\/wp\/v2\/product_cat?post=12281"},{"taxonomy":"product_tag","embeddable":true,"href":"https:\/\/www.torpado.com\/fr\/wp-json\/wp\/v2\/product_tag?post=12281"}],"curies":[{"name":"wp","href":"https:\/\/api.w.org\/{rel}","templated":true}]}}