{"id":11433,"date":"2020-04-07T16:46:11","date_gmt":"2020-04-07T14:46:11","guid":{"rendered":"https:\/\/www.torpado.com\/bicycle\/mojave-plus-t300\/"},"modified":"2023-02-01T10:33:38","modified_gmt":"2023-02-01T09:33:38","slug":"mojave-plus-t300","status":"publish","type":"product","link":"https:\/\/www.torpado.com\/fr\/velo\/mojave-plus-t300\/","title":{"rendered":"MOJAVE PLUS &#8211; T300"},"content":{"rendered":"","protected":false},"excerpt":{"rendered":"<p>MOJAVE PLUS &#8211; T300 le foldable bike de la marque Torpado. L\u2019e-bike de la ligne allway avec le ch\u00e2ssis en aluminium adapt\u00e9 \u00e0 tous les riders.<\/p>\n","protected":false},"featured_media":12177,"template":"","meta":{"_acf_changed":false},"product_brand":[],"product_cat":[3028],"product_tag":[],"class_list":{"0":"post-11433","1":"product","2":"type-product","3":"status-publish","4":"has-post-thumbnail","6":"product_cat-e-bike","7":"pa_categoria-bicicletta-velo-pliant","9":"first","10":"instock","11":"shipping-taxable","12":"purchasable","13":"product-type-simple"},"acf":[],"_links":{"self":[{"href":"https:\/\/www.torpado.com\/fr\/wp-json\/wp\/v2\/product\/11433","targetHints":{"allow":["GET"]}}],"collection":[{"href":"https:\/\/www.torpado.com\/fr\/wp-json\/wp\/v2\/product"}],"about":[{"href":"https:\/\/www.torpado.com\/fr\/wp-json\/wp\/v2\/types\/product"}],"wp:featuredmedia":[{"embeddable":true,"href":"https:\/\/www.torpado.com\/fr\/wp-json\/wp\/v2\/media\/12177"}],"wp:attachment":[{"href":"https:\/\/www.torpado.com\/fr\/wp-json\/wp\/v2\/media?parent=11433"}],"wp:term":[{"taxonomy":"product_brand","embeddable":true,"href":"https:\/\/www.torpado.com\/fr\/wp-json\/wp\/v2\/product_brand?post=11433"},{"taxonomy":"product_cat","embeddable":true,"href":"https:\/\/www.torpado.com\/fr\/wp-json\/wp\/v2\/product_cat?post=11433"},{"taxonomy":"product_tag","embeddable":true,"href":"https:\/\/www.torpado.com\/fr\/wp-json\/wp\/v2\/product_tag?post=11433"}],"curies":[{"name":"wp","href":"https:\/\/api.w.org\/{rel}","templated":true}]}}