{"id":11327,"date":"2020-04-07T16:46:31","date_gmt":"2020-04-07T14:46:31","guid":{"rendered":"https:\/\/www.torpado.com\/bicicletta\/saturn-t770\/"},"modified":"2022-11-16T17:08:40","modified_gmt":"2022-11-16T16:08:40","slug":"saturn-t770","status":"publish","type":"product","link":"https:\/\/www.torpado.com\/fr\/velo\/saturn-t770\/","title":{"rendered":"SATURN &#8211; T770"},"content":{"rendered":"","protected":false},"excerpt":{"rendered":"<p>SATURN 24 &#8211; T770 le VTT de la marque Torpado. Le v\u00e9lo musculaire de la ligne allway avec le cadre en aluminium adapt\u00e9 \u00e0 tous les riders.<\/p>\n","protected":false},"featured_media":10202,"template":"","meta":{"_acf_changed":false},"product_brand":[],"product_cat":[3027],"product_tag":[],"class_list":{"0":"post-11327","1":"product","2":"type-product","3":"status-publish","4":"has-post-thumbnail","6":"product_cat-velos","7":"pa_categoria-bicicletta-vtt","9":"first","10":"instock","11":"shipping-taxable","12":"purchasable","13":"product-type-simple"},"acf":[],"_links":{"self":[{"href":"https:\/\/www.torpado.com\/fr\/wp-json\/wp\/v2\/product\/11327","targetHints":{"allow":["GET"]}}],"collection":[{"href":"https:\/\/www.torpado.com\/fr\/wp-json\/wp\/v2\/product"}],"about":[{"href":"https:\/\/www.torpado.com\/fr\/wp-json\/wp\/v2\/types\/product"}],"wp:featuredmedia":[{"embeddable":true,"href":"https:\/\/www.torpado.com\/fr\/wp-json\/wp\/v2\/media\/10202"}],"wp:attachment":[{"href":"https:\/\/www.torpado.com\/fr\/wp-json\/wp\/v2\/media?parent=11327"}],"wp:term":[{"taxonomy":"product_brand","embeddable":true,"href":"https:\/\/www.torpado.com\/fr\/wp-json\/wp\/v2\/product_brand?post=11327"},{"taxonomy":"product_cat","embeddable":true,"href":"https:\/\/www.torpado.com\/fr\/wp-json\/wp\/v2\/product_cat?post=11327"},{"taxonomy":"product_tag","embeddable":true,"href":"https:\/\/www.torpado.com\/fr\/wp-json\/wp\/v2\/product_tag?post=11327"}],"curies":[{"name":"wp","href":"https:\/\/api.w.org\/{rel}","templated":true}]}}