{"id":11253,"date":"2020-04-07T16:46:40","date_gmt":"2020-04-07T14:46:40","guid":{"rendered":"https:\/\/www.torpado.com\/bicicletta\/navigator-lux-t410\/"},"modified":"2022-11-28T13:54:38","modified_gmt":"2022-11-28T12:54:38","slug":"navigator-lux-t410","status":"publish","type":"product","link":"https:\/\/www.torpado.com\/fr\/velo\/navigator-lux-t410\/","title":{"rendered":"NAVIGATOR LUX &#8211; T410"},"content":{"rendered":"","protected":false},"excerpt":{"rendered":"<p>NAVIGATOR LUX &#8211; T410 le v\u00e9lo de ville de la marque Torpado. Le v\u00e9lo musculaire de la ligne allway avec le cadre en aluminium adapt\u00e9 pour les cavaliers hommes.<\/p>\n","protected":false},"featured_media":15677,"template":"","meta":{"_acf_changed":false},"product_brand":[],"product_cat":[3027],"product_tag":[],"class_list":{"0":"post-11253","1":"product","2":"type-product","3":"status-publish","4":"has-post-thumbnail","6":"product_cat-velos","7":"pa_categoria-bicicletta-velo-de-ville","9":"first","10":"instock","11":"shipping-taxable","12":"purchasable","13":"product-type-simple"},"acf":[],"_links":{"self":[{"href":"https:\/\/www.torpado.com\/fr\/wp-json\/wp\/v2\/product\/11253","targetHints":{"allow":["GET"]}}],"collection":[{"href":"https:\/\/www.torpado.com\/fr\/wp-json\/wp\/v2\/product"}],"about":[{"href":"https:\/\/www.torpado.com\/fr\/wp-json\/wp\/v2\/types\/product"}],"wp:featuredmedia":[{"embeddable":true,"href":"https:\/\/www.torpado.com\/fr\/wp-json\/wp\/v2\/media\/15677"}],"wp:attachment":[{"href":"https:\/\/www.torpado.com\/fr\/wp-json\/wp\/v2\/media?parent=11253"}],"wp:term":[{"taxonomy":"product_brand","embeddable":true,"href":"https:\/\/www.torpado.com\/fr\/wp-json\/wp\/v2\/product_brand?post=11253"},{"taxonomy":"product_cat","embeddable":true,"href":"https:\/\/www.torpado.com\/fr\/wp-json\/wp\/v2\/product_cat?post=11253"},{"taxonomy":"product_tag","embeddable":true,"href":"https:\/\/www.torpado.com\/fr\/wp-json\/wp\/v2\/product_tag?post=11253"}],"curies":[{"name":"wp","href":"https:\/\/api.w.org\/{rel}","templated":true}]}}