{"id":11148,"date":"2020-04-07T16:46:42","date_gmt":"2020-04-07T14:46:42","guid":{"rendered":"https:\/\/www.torpado.com\/bicicletta\/albatros-lady-t481\/"},"modified":"2022-11-29T09:49:04","modified_gmt":"2022-11-29T08:49:04","slug":"albatros-lady-t481","status":"publish","type":"product","link":"https:\/\/www.torpado.com\/fr\/velo\/albatros-lady-t481\/","title":{"rendered":"ALBATROS &#8211; T481"},"content":{"rendered":"","protected":false},"excerpt":{"rendered":"<p>ALBATROS &#8211; T481 le v\u00e9lo de ville de la marque Torpado. Le v\u00e9lo musculaire de la ligne Allway avec le cadre en acier adapt\u00e9 aux riders femmes.<\/p>\n","protected":false},"featured_media":10223,"template":"","meta":{"_acf_changed":false},"product_brand":[],"product_cat":[3027],"product_tag":[],"class_list":{"0":"post-11148","1":"product","2":"type-product","3":"status-publish","4":"has-post-thumbnail","6":"product_cat-velos","7":"pa_categoria-bicicletta-velo-de-ville","9":"first","10":"instock","11":"shipping-taxable","12":"purchasable","13":"product-type-simple"},"acf":[],"_links":{"self":[{"href":"https:\/\/www.torpado.com\/fr\/wp-json\/wp\/v2\/product\/11148","targetHints":{"allow":["GET"]}}],"collection":[{"href":"https:\/\/www.torpado.com\/fr\/wp-json\/wp\/v2\/product"}],"about":[{"href":"https:\/\/www.torpado.com\/fr\/wp-json\/wp\/v2\/types\/product"}],"wp:featuredmedia":[{"embeddable":true,"href":"https:\/\/www.torpado.com\/fr\/wp-json\/wp\/v2\/media\/10223"}],"wp:attachment":[{"href":"https:\/\/www.torpado.com\/fr\/wp-json\/wp\/v2\/media?parent=11148"}],"wp:term":[{"taxonomy":"product_brand","embeddable":true,"href":"https:\/\/www.torpado.com\/fr\/wp-json\/wp\/v2\/product_brand?post=11148"},{"taxonomy":"product_cat","embeddable":true,"href":"https:\/\/www.torpado.com\/fr\/wp-json\/wp\/v2\/product_cat?post=11148"},{"taxonomy":"product_tag","embeddable":true,"href":"https:\/\/www.torpado.com\/fr\/wp-json\/wp\/v2\/product_tag?post=11148"}],"curies":[{"name":"wp","href":"https:\/\/api.w.org\/{rel}","templated":true}]}}