{"id":11133,"date":"2020-04-07T16:46:43","date_gmt":"2020-04-07T14:46:43","guid":{"rendered":"https:\/\/www.torpado.com\/bicicletta\/tigre-t625\/"},"modified":"2025-03-21T16:39:54","modified_gmt":"2025-03-21T15:39:54","slug":"tigre-t625","status":"publish","type":"product","link":"https:\/\/www.torpado.com\/fr\/velo\/tigre-t625\/","title":{"rendered":"TIGRE &#8211; T625"},"content":{"rendered":"","protected":false},"excerpt":{"rendered":"<p>TIGRE &#8211; T625 le v\u00e9lo junior de la marque Torpado. Le v\u00e9lo musculaire de la ligne allway avec le cadre en aluminium adapt\u00e9 aux enfants.<\/p>\n","protected":false},"featured_media":10230,"template":"","meta":{"_acf_changed":false},"product_brand":[],"product_cat":[3027],"product_tag":[],"class_list":{"0":"post-11133","1":"product","2":"type-product","3":"status-publish","4":"has-post-thumbnail","6":"product_cat-velos","7":"pa_categoria-bicicletta-velo-enfant","9":"first","10":"instock","11":"shipping-taxable","12":"purchasable","13":"product-type-simple"},"acf":[],"_links":{"self":[{"href":"https:\/\/www.torpado.com\/fr\/wp-json\/wp\/v2\/product\/11133","targetHints":{"allow":["GET"]}}],"collection":[{"href":"https:\/\/www.torpado.com\/fr\/wp-json\/wp\/v2\/product"}],"about":[{"href":"https:\/\/www.torpado.com\/fr\/wp-json\/wp\/v2\/types\/product"}],"wp:featuredmedia":[{"embeddable":true,"href":"https:\/\/www.torpado.com\/fr\/wp-json\/wp\/v2\/media\/10230"}],"wp:attachment":[{"href":"https:\/\/www.torpado.com\/fr\/wp-json\/wp\/v2\/media?parent=11133"}],"wp:term":[{"taxonomy":"product_brand","embeddable":true,"href":"https:\/\/www.torpado.com\/fr\/wp-json\/wp\/v2\/product_brand?post=11133"},{"taxonomy":"product_cat","embeddable":true,"href":"https:\/\/www.torpado.com\/fr\/wp-json\/wp\/v2\/product_cat?post=11133"},{"taxonomy":"product_tag","embeddable":true,"href":"https:\/\/www.torpado.com\/fr\/wp-json\/wp\/v2\/product_tag?post=11133"}],"curies":[{"name":"wp","href":"https:\/\/api.w.org\/{rel}","templated":true}]}}