{"id":11129,"date":"2020-04-07T16:46:43","date_gmt":"2020-04-07T14:46:43","guid":{"rendered":"https:\/\/www.torpado.com\/bicicletta\/kelly-t611\/"},"modified":"2022-11-24T13:48:41","modified_gmt":"2022-11-24T12:48:41","slug":"kelly-t611","status":"publish","type":"product","link":"https:\/\/www.torpado.com\/fr\/velo\/kelly-t611\/","title":{"rendered":"KELLY &#8211; T611"},"content":{"rendered":"","protected":false},"excerpt":{"rendered":"<p>KELLY &#8211; T611 le v\u00e9lo junior de la marque Torpado. Le v\u00e9lo musculaire de la ligne allway avec le cadre en acier adapt\u00e9 pour enfant.<\/p>\n","protected":false},"featured_media":11946,"template":"","meta":{"_acf_changed":false},"product_brand":[],"product_cat":[3027],"product_tag":[],"class_list":{"0":"post-11129","1":"product","2":"type-product","3":"status-publish","4":"has-post-thumbnail","6":"product_cat-velos","7":"pa_categoria-bicicletta-velo-enfant","9":"first","10":"instock","11":"shipping-taxable","12":"purchasable","13":"product-type-simple"},"acf":[],"_links":{"self":[{"href":"https:\/\/www.torpado.com\/fr\/wp-json\/wp\/v2\/product\/11129","targetHints":{"allow":["GET"]}}],"collection":[{"href":"https:\/\/www.torpado.com\/fr\/wp-json\/wp\/v2\/product"}],"about":[{"href":"https:\/\/www.torpado.com\/fr\/wp-json\/wp\/v2\/types\/product"}],"wp:featuredmedia":[{"embeddable":true,"href":"https:\/\/www.torpado.com\/fr\/wp-json\/wp\/v2\/media\/11946"}],"wp:attachment":[{"href":"https:\/\/www.torpado.com\/fr\/wp-json\/wp\/v2\/media?parent=11129"}],"wp:term":[{"taxonomy":"product_brand","embeddable":true,"href":"https:\/\/www.torpado.com\/fr\/wp-json\/wp\/v2\/product_brand?post=11129"},{"taxonomy":"product_cat","embeddable":true,"href":"https:\/\/www.torpado.com\/fr\/wp-json\/wp\/v2\/product_cat?post=11129"},{"taxonomy":"product_tag","embeddable":true,"href":"https:\/\/www.torpado.com\/fr\/wp-json\/wp\/v2\/product_tag?post=11129"}],"curies":[{"name":"wp","href":"https:\/\/api.w.org\/{rel}","templated":true}]}}