{"id":11125,"date":"2020-04-07T16:46:50","date_gmt":"2020-04-07T14:46:50","guid":{"rendered":"https:\/\/www.torpado.com\/bicicletta\/trilly-t671\/"},"modified":"2024-10-25T08:36:46","modified_gmt":"2024-10-25T06:36:46","slug":"trilly-t671","status":"publish","type":"product","link":"https:\/\/www.torpado.com\/fr\/velo\/trilly-t671\/","title":{"rendered":"TRILLY &#8211; T671"},"content":{"rendered":"","protected":false},"excerpt":{"rendered":"<p>TRILLY &#8211; T671 le v\u00e9lo junior de la marque Torpado. Le v\u00e9lo musculaire de la ligne allway avec le cadre en acier adapt\u00e9 pour les filles.<\/p>\n","protected":false},"featured_media":14713,"template":"","meta":{"_acf_changed":false},"product_brand":[],"product_cat":[3027],"product_tag":[],"class_list":{"0":"post-11125","1":"product","2":"type-product","3":"status-publish","4":"has-post-thumbnail","6":"product_cat-velos","7":"pa_categoria-bicicletta-velo-enfant","9":"first","10":"instock","11":"shipping-taxable","12":"purchasable","13":"product-type-simple"},"acf":[],"_links":{"self":[{"href":"https:\/\/www.torpado.com\/fr\/wp-json\/wp\/v2\/product\/11125","targetHints":{"allow":["GET"]}}],"collection":[{"href":"https:\/\/www.torpado.com\/fr\/wp-json\/wp\/v2\/product"}],"about":[{"href":"https:\/\/www.torpado.com\/fr\/wp-json\/wp\/v2\/types\/product"}],"wp:featuredmedia":[{"embeddable":true,"href":"https:\/\/www.torpado.com\/fr\/wp-json\/wp\/v2\/media\/14713"}],"wp:attachment":[{"href":"https:\/\/www.torpado.com\/fr\/wp-json\/wp\/v2\/media?parent=11125"}],"wp:term":[{"taxonomy":"product_brand","embeddable":true,"href":"https:\/\/www.torpado.com\/fr\/wp-json\/wp\/v2\/product_brand?post=11125"},{"taxonomy":"product_cat","embeddable":true,"href":"https:\/\/www.torpado.com\/fr\/wp-json\/wp\/v2\/product_cat?post=11125"},{"taxonomy":"product_tag","embeddable":true,"href":"https:\/\/www.torpado.com\/fr\/wp-json\/wp\/v2\/product_tag?post=11125"}],"curies":[{"name":"wp","href":"https:\/\/api.w.org\/{rel}","templated":true}]}}