{"id":11121,"date":"2020-04-07T16:46:51","date_gmt":"2020-04-07T14:46:51","guid":{"rendered":"https:\/\/www.torpado.com\/bicicletta\/cayman-t170\/"},"modified":"2022-11-28T12:01:13","modified_gmt":"2022-11-28T11:01:13","slug":"cayman-t170","status":"publish","type":"product","link":"https:\/\/www.torpado.com\/fr\/velo\/cayman-t170\/","title":{"rendered":"CAYMAN &#8211; T170"},"content":{"rendered":"","protected":false},"excerpt":{"rendered":"<p>CAYMAN &#8211; T170 le v\u00e9lo pliant de la marque Torpado. Le v\u00e9lo musculaire de la ligne allway avec le cadre en aluminium adapt\u00e9 \u00e0 tous les riders.<\/p>\n","protected":false},"featured_media":11869,"template":"","meta":{"_acf_changed":false},"product_brand":[],"product_cat":[3027],"product_tag":[],"class_list":{"0":"post-11121","1":"product","2":"type-product","3":"status-publish","4":"has-post-thumbnail","6":"product_cat-velos","7":"pa_categoria-bicicletta-velo-pliant","9":"first","10":"instock","11":"shipping-taxable","12":"purchasable","13":"product-type-simple"},"acf":[],"_links":{"self":[{"href":"https:\/\/www.torpado.com\/fr\/wp-json\/wp\/v2\/product\/11121","targetHints":{"allow":["GET"]}}],"collection":[{"href":"https:\/\/www.torpado.com\/fr\/wp-json\/wp\/v2\/product"}],"about":[{"href":"https:\/\/www.torpado.com\/fr\/wp-json\/wp\/v2\/types\/product"}],"wp:featuredmedia":[{"embeddable":true,"href":"https:\/\/www.torpado.com\/fr\/wp-json\/wp\/v2\/media\/11869"}],"wp:attachment":[{"href":"https:\/\/www.torpado.com\/fr\/wp-json\/wp\/v2\/media?parent=11121"}],"wp:term":[{"taxonomy":"product_brand","embeddable":true,"href":"https:\/\/www.torpado.com\/fr\/wp-json\/wp\/v2\/product_brand?post=11121"},{"taxonomy":"product_cat","embeddable":true,"href":"https:\/\/www.torpado.com\/fr\/wp-json\/wp\/v2\/product_cat?post=11121"},{"taxonomy":"product_tag","embeddable":true,"href":"https:\/\/www.torpado.com\/fr\/wp-json\/wp\/v2\/product_tag?post=11121"}],"curies":[{"name":"wp","href":"https:\/\/api.w.org\/{rel}","templated":true}]}}