{"id":11074,"date":"2022-06-15T11:00:42","date_gmt":"2022-06-15T09:00:42","guid":{"rendered":"https:\/\/www.torpado.com\/bicicletta\/torik-a\/"},"modified":"2022-11-25T12:03:32","modified_gmt":"2022-11-25T11:03:32","slug":"torik-a","status":"publish","type":"product","link":"https:\/\/www.torpado.com\/fr\/velo\/torik-a\/","title":{"rendered":"TORIK A"},"content":{"rendered":"","protected":false},"excerpt":{"rendered":"<p>TORIK le road bike de la marque Torpado. L\u2019e-bike de la ligne Impudent avec le ch\u00e2ssis en aluminium adapt\u00e9 \u00e0 tous les riders.<\/p>\n","protected":false},"featured_media":10263,"template":"","meta":{"_acf_changed":false},"product_brand":[],"product_cat":[3028],"product_tag":[3030,3029,3610,3032],"class_list":{"0":"post-11074","1":"product","2":"type-product","3":"status-publish","4":"has-post-thumbnail","6":"product_cat-e-bike","7":"product_tag-aluminium","8":"product_tag-e-bike-fr","9":"product_tag-gravel-fr","10":"product_tag-impudent-fr","11":"pa_categoria-bicicletta-gravel-fr","13":"first","14":"instock","15":"shipping-taxable","16":"product-type-simple"},"acf":[],"_links":{"self":[{"href":"https:\/\/www.torpado.com\/fr\/wp-json\/wp\/v2\/product\/11074","targetHints":{"allow":["GET"]}}],"collection":[{"href":"https:\/\/www.torpado.com\/fr\/wp-json\/wp\/v2\/product"}],"about":[{"href":"https:\/\/www.torpado.com\/fr\/wp-json\/wp\/v2\/types\/product"}],"wp:featuredmedia":[{"embeddable":true,"href":"https:\/\/www.torpado.com\/fr\/wp-json\/wp\/v2\/media\/10263"}],"wp:attachment":[{"href":"https:\/\/www.torpado.com\/fr\/wp-json\/wp\/v2\/media?parent=11074"}],"wp:term":[{"taxonomy":"product_brand","embeddable":true,"href":"https:\/\/www.torpado.com\/fr\/wp-json\/wp\/v2\/product_brand?post=11074"},{"taxonomy":"product_cat","embeddable":true,"href":"https:\/\/www.torpado.com\/fr\/wp-json\/wp\/v2\/product_cat?post=11074"},{"taxonomy":"product_tag","embeddable":true,"href":"https:\/\/www.torpado.com\/fr\/wp-json\/wp\/v2\/product_tag?post=11074"}],"curies":[{"name":"wp","href":"https:\/\/api.w.org\/{rel}","templated":true}]}}