{"id":10699,"date":"2020-03-22T16:40:52","date_gmt":"2020-03-22T15:40:52","guid":{"rendered":"https:\/\/www.torpado.com\/contattaci\/"},"modified":"2022-10-18T09:53:49","modified_gmt":"2022-10-18T07:53:49","slug":"contactez-nous","status":"publish","type":"page","link":"https:\/\/www.torpado.com\/fr\/contactez-nous\/","title":{"rendered":"CONTACTEZ-NOUS"},"content":{"rendered":"<p>Nous sommes l\u00e0 pour vous : contactez-nous pour plus d&#8217;informations sur nos v\u00e9los. Nous traiterons votre demande dans les plus brefs d\u00e9lais.<\/p>\n","protected":false},"excerpt":{"rendered":"<p>Nous sommes l\u00e0 pour vous : contactez-nous pour plus d&#8217;informations sur nos v\u00e9los. [&hellip;]<\/p>\n","protected":false},"author":1,"featured_media":9834,"parent":0,"menu_order":0,"comment_status":"closed","ping_status":"closed","template":"template-contatti.php","meta":{"_acf_changed":false,"footnotes":""},"class_list":["post-10699","page","type-page","status-publish","has-post-thumbnail","hentry"],"acf":[],"_links":{"self":[{"href":"https:\/\/www.torpado.com\/fr\/wp-json\/wp\/v2\/pages\/10699","targetHints":{"allow":["GET"]}}],"collection":[{"href":"https:\/\/www.torpado.com\/fr\/wp-json\/wp\/v2\/pages"}],"about":[{"href":"https:\/\/www.torpado.com\/fr\/wp-json\/wp\/v2\/types\/page"}],"author":[{"embeddable":true,"href":"https:\/\/www.torpado.com\/fr\/wp-json\/wp\/v2\/users\/1"}],"replies":[{"embeddable":true,"href":"https:\/\/www.torpado.com\/fr\/wp-json\/wp\/v2\/comments?post=10699"}],"version-history":[{"count":3,"href":"https:\/\/www.torpado.com\/fr\/wp-json\/wp\/v2\/pages\/10699\/revisions"}],"predecessor-version":[{"id":10706,"href":"https:\/\/www.torpado.com\/fr\/wp-json\/wp\/v2\/pages\/10699\/revisions\/10706"}],"wp:featuredmedia":[{"embeddable":true,"href":"https:\/\/www.torpado.com\/fr\/wp-json\/wp\/v2\/media\/9834"}],"wp:attachment":[{"href":"https:\/\/www.torpado.com\/fr\/wp-json\/wp\/v2\/media?parent=10699"}],"curies":[{"name":"wp","href":"https:\/\/api.w.org\/{rel}","templated":true}]}}