{"id":14640,"date":"2024-09-19T17:01:52","date_gmt":"2024-09-19T15:01:52","guid":{"rendered":"https:\/\/www.torpado.com\/?post_type=product&#038;p=14640"},"modified":"2024-09-20T17:11:02","modified_gmt":"2024-09-20T15:11:02","slug":"kepler-t315-sram-apex-1x11","status":"publish","type":"product","link":"https:\/\/www.torpado.com\/es\/bicicleta\/kepler-t315-sram-apex-1x11\/","title":{"rendered":"KEPLER &#8211; T315 SRAM APEX 1x"},"content":{"rendered":"","protected":false},"excerpt":{"rendered":"<p><strong>Kepler T310<\/strong> \u00e8 la <strong>gravel<\/strong> in alluminio della linea <strong>Allway<\/strong> di Torpado. Grazie alle sue geometrie \u00e8 adatta a tutti i tipi di ciclista, anche a chi si avvicina al mondo delle bici gravel per la prima volta. E&#8217; un modello di bici unisex adatta a chi ama percorrere primi tratti di sterrato, argini e che ti permetter\u00e0 di esplorare i dintorni della tua citt\u00e0 senza porti dei limiti. Questa bici \u00e8 disponibile in una colorazione e 4 taglie per poter soddisfare ogni tipo di ciclista.<\/p>\n","protected":false},"featured_media":14652,"template":"","meta":{"_acf_changed":false},"product_brand":[],"product_cat":[913],"product_tag":[3013,3616,3617,3016],"class_list":{"0":"post-14640","1":"product","2":"type-product","3":"status-publish","4":"has-post-thumbnail","6":"product_cat-bicicletas","7":"product_tag-alluminio-es","8":"product_tag-allway-es","9":"product_tag-gravel-es","10":"product_tag-road-es","11":"pa_categoria-bicicletta-gravel-es","13":"first","14":"instock","15":"shipping-taxable","16":"purchasable","17":"product-type-simple"},"acf":[],"_links":{"self":[{"href":"https:\/\/www.torpado.com\/es\/wp-json\/wp\/v2\/product\/14640","targetHints":{"allow":["GET"]}}],"collection":[{"href":"https:\/\/www.torpado.com\/es\/wp-json\/wp\/v2\/product"}],"about":[{"href":"https:\/\/www.torpado.com\/es\/wp-json\/wp\/v2\/types\/product"}],"wp:featuredmedia":[{"embeddable":true,"href":"https:\/\/www.torpado.com\/es\/wp-json\/wp\/v2\/media\/14652"}],"wp:attachment":[{"href":"https:\/\/www.torpado.com\/es\/wp-json\/wp\/v2\/media?parent=14640"}],"wp:term":[{"taxonomy":"product_brand","embeddable":true,"href":"https:\/\/www.torpado.com\/es\/wp-json\/wp\/v2\/product_brand?post=14640"},{"taxonomy":"product_cat","embeddable":true,"href":"https:\/\/www.torpado.com\/es\/wp-json\/wp\/v2\/product_cat?post=14640"},{"taxonomy":"product_tag","embeddable":true,"href":"https:\/\/www.torpado.com\/es\/wp-json\/wp\/v2\/product_tag?post=14640"}],"curies":[{"name":"wp","href":"https:\/\/api.w.org\/{rel}","templated":true}]}}