{"id":12254,"date":"2022-12-05T16:48:15","date_gmt":"2022-12-05T15:48:15","guid":{"rendered":"https:\/\/www.torpado.com\/bicycle\/poseidon-t940\/"},"modified":"2023-08-09T16:57:05","modified_gmt":"2023-08-09T14:57:05","slug":"poseidon-t940","status":"publish","type":"product","link":"https:\/\/www.torpado.com\/es\/bicicleta\/poseidon-t940\/","title":{"rendered":"POSEIDON &#8211; T940"},"content":{"rendered":"","protected":false},"excerpt":{"rendered":"<p><strong>POSEIDON &#8211; T940 <\/strong>es una E-MTB r\u00edgida con motor central. Chasis de techno de aluminio, cables y bater\u00eda integrados con ruedas de 24&#8243; con motor TONGSHENG. Es una bicicleta de monta\u00f1a el\u00e9ctrica adecuada para ni\u00f1os y forma parte de la l\u00ednea Allway de Torpado.<\/p>\n","protected":false},"featured_media":12811,"template":"","meta":{"_acf_changed":false},"product_brand":[],"product_cat":[911],"product_tag":[],"class_list":{"0":"post-12254","1":"product","2":"type-product","3":"status-publish","4":"has-post-thumbnail","6":"product_cat-bicicletas-electricas","7":"pa_categoria-bicicletta-montana","9":"first","10":"instock","11":"shipping-taxable","12":"purchasable","13":"product-type-simple"},"acf":[],"_links":{"self":[{"href":"https:\/\/www.torpado.com\/es\/wp-json\/wp\/v2\/product\/12254","targetHints":{"allow":["GET"]}}],"collection":[{"href":"https:\/\/www.torpado.com\/es\/wp-json\/wp\/v2\/product"}],"about":[{"href":"https:\/\/www.torpado.com\/es\/wp-json\/wp\/v2\/types\/product"}],"wp:featuredmedia":[{"embeddable":true,"href":"https:\/\/www.torpado.com\/es\/wp-json\/wp\/v2\/media\/12811"}],"wp:attachment":[{"href":"https:\/\/www.torpado.com\/es\/wp-json\/wp\/v2\/media?parent=12254"}],"wp:term":[{"taxonomy":"product_brand","embeddable":true,"href":"https:\/\/www.torpado.com\/es\/wp-json\/wp\/v2\/product_brand?post=12254"},{"taxonomy":"product_cat","embeddable":true,"href":"https:\/\/www.torpado.com\/es\/wp-json\/wp\/v2\/product_cat?post=12254"},{"taxonomy":"product_tag","embeddable":true,"href":"https:\/\/www.torpado.com\/es\/wp-json\/wp\/v2\/product_tag?post=12254"}],"curies":[{"name":"wp","href":"https:\/\/api.w.org\/{rel}","templated":true}]}}