{"id":3527,"date":"2020-03-27T21:29:26","date_gmt":"2020-03-27T20:29:26","guid":{"rendered":"https:\/\/www.torpado.com\/download\/"},"modified":"2025-04-04T11:07:13","modified_gmt":"2025-04-04T09:07:13","slug":"download","status":"publish","type":"page","link":"https:\/\/www.torpado.com\/es\/download\/","title":{"rendered":"Download"},"content":{"rendered":"<p>Encuentra y descarga el cat\u00e1logo Torpado de tu inter\u00e9s en la secci\u00f3n de download, o tu manual de mantenimiento.<\/p>\n","protected":false},"excerpt":{"rendered":"<p>Encuentra y descarga el cat\u00e1logo Torpado de tu inter\u00e9s en la secci\u00f3n de [&hellip;]<\/p>\n","protected":false},"author":1,"featured_media":15847,"parent":0,"menu_order":0,"comment_status":"closed","ping_status":"closed","template":"template-download.php","meta":{"_acf_changed":false,"footnotes":""},"class_list":["post-3527","page","type-page","status-publish","has-post-thumbnail","hentry"],"acf":[],"_links":{"self":[{"href":"https:\/\/www.torpado.com\/es\/wp-json\/wp\/v2\/pages\/3527","targetHints":{"allow":["GET"]}}],"collection":[{"href":"https:\/\/www.torpado.com\/es\/wp-json\/wp\/v2\/pages"}],"about":[{"href":"https:\/\/www.torpado.com\/es\/wp-json\/wp\/v2\/types\/page"}],"author":[{"embeddable":true,"href":"https:\/\/www.torpado.com\/es\/wp-json\/wp\/v2\/users\/1"}],"replies":[{"embeddable":true,"href":"https:\/\/www.torpado.com\/es\/wp-json\/wp\/v2\/comments?post=3527"}],"version-history":[{"count":2,"href":"https:\/\/www.torpado.com\/es\/wp-json\/wp\/v2\/pages\/3527\/revisions"}],"predecessor-version":[{"id":11609,"href":"https:\/\/www.torpado.com\/es\/wp-json\/wp\/v2\/pages\/3527\/revisions\/11609"}],"wp:featuredmedia":[{"embeddable":true,"href":"https:\/\/www.torpado.com\/es\/wp-json\/wp\/v2\/media\/15847"}],"wp:attachment":[{"href":"https:\/\/www.torpado.com\/es\/wp-json\/wp\/v2\/media?parent=3527"}],"curies":[{"name":"wp","href":"https:\/\/api.w.org\/{rel}","templated":true}]}}