{"id":3522,"date":"2020-03-22T16:40:52","date_gmt":"2020-03-22T15:40:52","guid":{"rendered":"https:\/\/www.torpado.com\/contattaci\/"},"modified":"2022-10-18T10:08:05","modified_gmt":"2022-10-18T08:08:05","slug":"contactos","status":"publish","type":"page","link":"https:\/\/www.torpado.com\/es\/contactos\/","title":{"rendered":"Contactos"},"content":{"rendered":"<p>Estamos a su disposici\u00f3n: p\u00f3ngase en contacto con nosotros para obtener m\u00e1s informaci\u00f3n sobre nuestras bicicletas.<\/p>\n","protected":false},"excerpt":{"rendered":"<p>Estamos a su disposici\u00f3n: p\u00f3ngase en contacto con nosotros para obtener m\u00e1s informaci\u00f3n [&hellip;]<\/p>\n","protected":false},"author":1,"featured_media":3524,"parent":0,"menu_order":0,"comment_status":"closed","ping_status":"closed","template":"template-contatti.php","meta":{"_acf_changed":false,"footnotes":""},"class_list":["post-3522","page","type-page","status-publish","has-post-thumbnail","hentry"],"acf":[],"_links":{"self":[{"href":"https:\/\/www.torpado.com\/es\/wp-json\/wp\/v2\/pages\/3522","targetHints":{"allow":["GET"]}}],"collection":[{"href":"https:\/\/www.torpado.com\/es\/wp-json\/wp\/v2\/pages"}],"about":[{"href":"https:\/\/www.torpado.com\/es\/wp-json\/wp\/v2\/types\/page"}],"author":[{"embeddable":true,"href":"https:\/\/www.torpado.com\/es\/wp-json\/wp\/v2\/users\/1"}],"replies":[{"embeddable":true,"href":"https:\/\/www.torpado.com\/es\/wp-json\/wp\/v2\/comments?post=3522"}],"version-history":[{"count":2,"href":"https:\/\/www.torpado.com\/es\/wp-json\/wp\/v2\/pages\/3522\/revisions"}],"predecessor-version":[{"id":11610,"href":"https:\/\/www.torpado.com\/es\/wp-json\/wp\/v2\/pages\/3522\/revisions\/11610"}],"wp:featuredmedia":[{"embeddable":true,"href":"https:\/\/www.torpado.com\/es\/wp-json\/wp\/v2\/media\/3524"}],"wp:attachment":[{"href":"https:\/\/www.torpado.com\/es\/wp-json\/wp\/v2\/media?parent=3522"}],"curies":[{"name":"wp","href":"https:\/\/api.w.org\/{rel}","templated":true}]}}