{"id":14644,"date":"2024-09-19T17:03:26","date_gmt":"2024-09-19T15:03:26","guid":{"rendered":"https:\/\/www.torpado.com\/?post_type=product&#038;p=14644"},"modified":"2024-10-24T18:48:56","modified_gmt":"2024-10-24T16:48:56","slug":"kepler-t320-shimano-grx-1x11","status":"publish","type":"product","link":"https:\/\/www.torpado.com\/en\/bicycle\/kepler-t320-shimano-grx-1x11\/","title":{"rendered":"KEPLER &#8211; T320 SHIMANO GRX 1&#215;11"},"content":{"rendered":"","protected":false},"excerpt":{"rendered":"<p><strong>Kepler T310<\/strong> \u00e8 la <strong>gravel<\/strong> in alluminio della linea <strong>Allway<\/strong> di Torpado. Grazie alle sue geometrie \u00e8 adatta a tutti i tipi di ciclista, anche a chi si avvicina al mondo delle bici gravel per la prima volta. E&#8217; un modello di bici unisex adatta a chi ama percorrere primi tratti di sterrato, argini e che ti permetter\u00e0 di esplorare i dintorni della tua citt\u00e0 senza porti dei limiti. Questa bici \u00e8 disponibile in una colorazione e 4 taglie per poter soddisfare ogni tipo di ciclista.<\/p>\n","protected":false},"featured_media":14707,"template":"","meta":{"_acf_changed":false},"product_brand":[],"product_cat":[912],"product_tag":[3009,3605,3606,3012],"class_list":{"0":"post-14644","1":"product","2":"type-product","3":"status-publish","4":"has-post-thumbnail","6":"product_cat-bicycles","7":"product_tag-alluminio-en","8":"product_tag-allway-en","9":"product_tag-gravel-en","10":"product_tag-road-en","11":"pa_categoria-bicicletta-gravel-en-2","13":"first","14":"instock","15":"shipping-taxable","16":"purchasable","17":"product-type-simple"},"acf":[],"_links":{"self":[{"href":"https:\/\/www.torpado.com\/en\/wp-json\/wp\/v2\/product\/14644","targetHints":{"allow":["GET"]}}],"collection":[{"href":"https:\/\/www.torpado.com\/en\/wp-json\/wp\/v2\/product"}],"about":[{"href":"https:\/\/www.torpado.com\/en\/wp-json\/wp\/v2\/types\/product"}],"wp:featuredmedia":[{"embeddable":true,"href":"https:\/\/www.torpado.com\/en\/wp-json\/wp\/v2\/media\/14707"}],"wp:attachment":[{"href":"https:\/\/www.torpado.com\/en\/wp-json\/wp\/v2\/media?parent=14644"}],"wp:term":[{"taxonomy":"product_brand","embeddable":true,"href":"https:\/\/www.torpado.com\/en\/wp-json\/wp\/v2\/product_brand?post=14644"},{"taxonomy":"product_cat","embeddable":true,"href":"https:\/\/www.torpado.com\/en\/wp-json\/wp\/v2\/product_cat?post=14644"},{"taxonomy":"product_tag","embeddable":true,"href":"https:\/\/www.torpado.com\/en\/wp-json\/wp\/v2\/product_tag?post=14644"}],"curies":[{"name":"wp","href":"https:\/\/api.w.org\/{rel}","templated":true}]}}